{"id":590,"date":"2019-09-18T14:56:58","date_gmt":"2019-09-18T12:56:58","guid":{"rendered":"http:\/\/justaenergia.com\/restyling\/edificis-2\/"},"modified":"2019-11-28T17:18:16","modified_gmt":"2019-11-28T15:18:16","slug":"casos-dexit","status":"publish","type":"page","link":"https:\/\/justaenergia.com\/ca\/casos-dexit\/","title":{"rendered":"Casos d\u2019\u00e8xit"},"content":{"rendered":"<div class=\"wpb-content-wrapper\"><p>[vc_row css_animation=&#8221;&#8221; row_type=&#8221;row&#8221; use_row_as_full_screen_section=&#8221;no&#8221; type=&#8221;grid&#8221; angled_section=&#8221;no&#8221; text_align=&#8221;left&#8221; background_image_as_pattern=&#8221;without_pattern&#8221;][vc_column][vc_column_text]<\/p>\n<h1>Casos d\u2019\u00e8xit<\/h1>\n<p>&nbsp;<\/p>\n<h4>Grans superf\u00edcies comercials, cadenes de cinemes, hotels, edificis p\u00fabllics o d\u2019oficines i comunitats ens han confiat la gesti\u00f3 energ\u00e8tica de les instal\u00b7lacions.<\/h4>\n<h4><\/h4>\n<p>[\/vc_column_text][vc_empty_space][\/vc_column][\/vc_row][vc_row css_animation=&#8221;&#8221; row_type=&#8221;row&#8221; use_row_as_full_screen_section=&#8221;no&#8221; type=&#8221;full_width&#8221; angled_section=&#8221;no&#8221; text_align=&#8221;left&#8221; background_image_as_pattern=&#8221;without_pattern&#8221;][vc_column css=&#8221;.vc_custom_1574935738735{background-image: url(http:\/\/justaenergia.com\/wp-content\/uploads\/2019\/11\/trama-verde-ok.svg?id=2133) !important;background-position: 0 0 !important;background-repeat: repeat !important;}&#8221;][vc_row_inner row_type=&#8221;row&#8221; type=&#8221;full_width&#8221; anchor=&#8221;edificis&#8221; text_align=&#8221;left&#8221; css_animation=&#8221;&#8221;][vc_column_inner css=&#8221;.vc_custom_1569212926719{background-color: #ffffff !important;}&#8221;][vc_empty_space][vc_column_text]<\/p>\n<h2 style=\"text-align: center;\">Edificis<\/h2>\n<p>[\/vc_column_text][vc_empty_space][\/vc_column_inner][\/vc_row_inner][vc_empty_space][vc_row_inner row_type=&#8221;row&#8221; type=&#8221;grid&#8221; text_align=&#8221;left&#8221; css_animation=&#8221;&#8221;][vc_column_inner][vc_basic_grid post_type=&#8221;portfolio_page&#8221; max_items=&#8221;-1&#8243; item=&#8221;601&#8243; grid_id=&#8221;vc_gid:1574954264791-628640e7-6894-1&#8243; taxonomies=&#8221;3&#8243;][\/vc_column_inner][\/vc_row_inner][vc_empty_space][vc_empty_space][vc_row_inner row_type=&#8221;row&#8221; type=&#8221;full_width&#8221; anchor=&#8221;industria&#8221; text_align=&#8221;left&#8221; css_animation=&#8221;&#8221;][vc_column_inner css=&#8221;.vc_custom_1569212926719{background-color: #ffffff !important;}&#8221;][vc_empty_space][vc_column_text]<\/p>\n<h2 style=\"text-align: center;\">Ind\u00fastria<\/h2>\n<p>[\/vc_column_text][vc_empty_space][\/vc_column_inner][\/vc_row_inner][vc_row_inner row_type=&#8221;row&#8221; type=&#8221;grid&#8221; text_align=&#8221;left&#8221; css_animation=&#8221;&#8221;][vc_column_inner][vc_empty_space][vc_basic_grid post_type=&#8221;portfolio_page&#8221; max_items=&#8221;-1&#8243; item=&#8221;601&#8243; grid_id=&#8221;vc_gid:1574954264793-d79b3152-752e-1&#8243; taxonomies=&#8221;4&#8243;][vc_empty_space][\/vc_column_inner][\/vc_row_inner][vc_row_inner row_type=&#8221;row&#8221; type=&#8221;full_width&#8221; anchor=&#8221;comerc&#8221; text_align=&#8221;left&#8221; css_animation=&#8221;&#8221;][vc_column_inner css=&#8221;.vc_custom_1569212926719{background-color: #ffffff !important;}&#8221;][vc_empty_space][vc_column_text]<\/p>\n<h2 style=\"text-align: center;\">Comer\u00e7<\/h2>\n<p>[\/vc_column_text][vc_empty_space][\/vc_column_inner][\/vc_row_inner][vc_row_inner row_type=&#8221;row&#8221; type=&#8221;grid&#8221; text_align=&#8221;left&#8221; css_animation=&#8221;&#8221;][vc_column_inner][vc_empty_space][vc_basic_grid post_type=&#8221;portfolio_page&#8221; max_items=&#8221;-1&#8243; item=&#8221;601&#8243; grid_id=&#8221;vc_gid:1574954264795-b0bfc572-41c6-2&#8243; taxonomies=&#8221;5&#8243;][vc_empty_space][\/vc_column_inner][\/vc_row_inner][vc_row_inner row_type=&#8221;row&#8221; type=&#8221;full_width&#8221; anchor=&#8221;domestic&#8221; text_align=&#8221;left&#8221; css_animation=&#8221;&#8221;][vc_column_inner css=&#8221;.vc_custom_1574954277658{background-color: #ffffff !important;}&#8221; offset=&#8221;vc_hidden-lg vc_hidden-md vc_hidden-sm vc_hidden-xs&#8221;][vc_empty_space][vc_column_text]<\/p>\n<h2 style=\"text-align: center;\">Dom\u00e8stic<\/h2>\n<p>[\/vc_column_text][vc_empty_space][\/vc_column_inner][\/vc_row_inner][vc_row_inner row_type=&#8221;row&#8221; type=&#8221;grid&#8221; text_align=&#8221;left&#8221; css_animation=&#8221;&#8221;][vc_column_inner offset=&#8221;vc_hidden-lg vc_hidden-md vc_hidden-sm vc_hidden-xs&#8221;][vc_empty_space][vc_basic_grid post_type=&#8221;portfolio_page&#8221; max_items=&#8221;-1&#8243; item=&#8221;601&#8243; grid_id=&#8221;vc_gid:1574954264799-a582332b-769d-0&#8243; taxonomies=&#8221;6&#8243;][vc_empty_space][\/vc_column_inner][\/vc_row_inner][\/vc_column][\/vc_row]<\/p>\n<\/div>","protected":false},"excerpt":{"rendered":"<p>[vc_row css_animation=&#8221;&#8221; row_type=&#8221;row&#8221; use_row_as_full_screen_section=&#8221;no&#8221; type=&#8221;grid&#8221; angled_section=&#8221;no&#8221; text_align=&#8221;left&#8221; background_image_as_pattern=&#8221;without_pattern&#8221;][vc_column][vc_column_text] Casos d\u2019\u00e8xit &nbsp; Grans superf\u00edcies comercials, cadenes de cinemes, hotels, edificis p\u00fabllics o d\u2019oficines i comunitats ens han confiat la gesti\u00f3 energ\u00e8tica de les instal\u00b7lacions. [\/vc_column_text][vc_empty_space][\/vc_column][\/vc_row][vc_row css_animation=&#8221;&#8221; row_type=&#8221;row&#8221; use_row_as_full_screen_section=&#8221;no&#8221; type=&#8221;full_width&#8221; angled_section=&#8221;no&#8221; text_align=&#8221;left&#8221; background_image_as_pattern=&#8221;without_pattern&#8221;][vc_column css=&#8221;.vc_custom_1574935738735{background-image: url(http:\/\/justaenergia.com\/wp-content\/uploads\/2019\/11\/trama-verde-ok.svg?id=2133) !important;background-position: 0&#8230;<\/p>\n","protected":false},"author":1,"featured_media":0,"parent":0,"menu_order":0,"comment_status":"closed","ping_status":"closed","template":"full_width.php","meta":{"inline_featured_image":false,"footnotes":""},"class_list":["post-590","page","type-page","status-publish","hentry"],"yoast_head":"<!-- This site is optimized with the Yoast SEO plugin v27.0 - https:\/\/yoast.com\/product\/yoast-seo-wordpress\/ -->\n<title>Casos d\u2019\u00e8xit - JustaEnergia<\/title>\n<meta name=\"robots\" content=\"index, follow, max-snippet:-1, max-image-preview:large, max-video-preview:-1\" \/>\n<link rel=\"canonical\" href=\"https:\/\/justaenergia.com\/ca\/casos-dexit\/\" \/>\n<meta property=\"og:locale\" content=\"ca_ES\" \/>\n<meta property=\"og:type\" content=\"article\" \/>\n<meta property=\"og:title\" content=\"Casos d\u2019\u00e8xit - JustaEnergia\" \/>\n<meta property=\"og:description\" content=\"[vc_row css_animation=&#8221;&#8221; row_type=&#8221;row&#8221; use_row_as_full_screen_section=&#8221;no&#8221; type=&#8221;grid&#8221; angled_section=&#8221;no&#8221; text_align=&#8221;left&#8221; background_image_as_pattern=&#8221;without_pattern&#8221;][vc_column][vc_column_text] Casos d\u2019\u00e8xit &nbsp; Grans superf\u00edcies comercials, cadenes de cinemes, hotels, edificis p\u00fabllics o d\u2019oficines i comunitats ens han confiat la gesti\u00f3 energ\u00e8tica de les instal\u00b7lacions. [\/vc_column_text][vc_empty_space][\/vc_column][\/vc_row][vc_row css_animation=&#8221;&#8221; row_type=&#8221;row&#8221; use_row_as_full_screen_section=&#8221;no&#8221; type=&#8221;full_width&#8221; angled_section=&#8221;no&#8221; text_align=&#8221;left&#8221; background_image_as_pattern=&#8221;without_pattern&#8221;][vc_column css=&#8221;.vc_custom_1574935738735{background-image: url(http:\/\/justaenergia.com\/wp-content\/uploads\/2019\/11\/trama-verde-ok.svg?id=2133) !important;background-position: 0...\" \/>\n<meta property=\"og:url\" content=\"https:\/\/justaenergia.com\/ca\/casos-dexit\/\" \/>\n<meta property=\"og:site_name\" content=\"JustaEnergia\" \/>\n<meta property=\"article:modified_time\" content=\"2019-11-28T15:18:16+00:00\" \/>\n<meta name=\"twitter:card\" content=\"summary_large_image\" \/>\n<meta name=\"twitter:label1\" content=\"Temps estimat de lectura\" \/>\n\t<meta name=\"twitter:data1\" content=\"3 minuts\" \/>\n<script type=\"application\/ld+json\" class=\"yoast-schema-graph\">{\"@context\":\"https:\/\/schema.org\",\"@graph\":[{\"@type\":\"WebPage\",\"@id\":\"https:\/\/justaenergia.com\/ca\/casos-dexit\/\",\"url\":\"https:\/\/justaenergia.com\/ca\/casos-dexit\/\",\"name\":\"Casos d\u2019\u00e8xit - JustaEnergia\",\"isPartOf\":{\"@id\":\"https:\/\/justaenergia.com\/ca\/#website\"},\"datePublished\":\"2019-09-18T12:56:58+00:00\",\"dateModified\":\"2019-11-28T15:18:16+00:00\",\"breadcrumb\":{\"@id\":\"https:\/\/justaenergia.com\/ca\/casos-dexit\/#breadcrumb\"},\"inLanguage\":\"ca\",\"potentialAction\":[{\"@type\":\"ReadAction\",\"target\":[\"https:\/\/justaenergia.com\/ca\/casos-dexit\/\"]}]},{\"@type\":\"BreadcrumbList\",\"@id\":\"https:\/\/justaenergia.com\/ca\/casos-dexit\/#breadcrumb\",\"itemListElement\":[{\"@type\":\"ListItem\",\"position\":1,\"name\":\"Inici\",\"item\":\"https:\/\/justaenergia.com\/ca\/\"},{\"@type\":\"ListItem\",\"position\":2,\"name\":\"Casos d\u2019\u00e8xit\"}]},{\"@type\":\"WebSite\",\"@id\":\"https:\/\/justaenergia.com\/ca\/#website\",\"url\":\"https:\/\/justaenergia.com\/ca\/\",\"name\":\"JustaEnergia\",\"description\":\"Optimizaci\u00f3n, Consumo y Ahorro de tu energ\u00eda\",\"publisher\":{\"@id\":\"https:\/\/justaenergia.com\/ca\/#organization\"},\"potentialAction\":[{\"@type\":\"SearchAction\",\"target\":{\"@type\":\"EntryPoint\",\"urlTemplate\":\"https:\/\/justaenergia.com\/ca\/?s={search_term_string}\"},\"query-input\":{\"@type\":\"PropertyValueSpecification\",\"valueRequired\":true,\"valueName\":\"search_term_string\"}}],\"inLanguage\":\"ca\"},{\"@type\":\"Organization\",\"@id\":\"https:\/\/justaenergia.com\/ca\/#organization\",\"name\":\"JustaEnergia\",\"url\":\"https:\/\/justaenergia.com\/ca\/\",\"logo\":{\"@type\":\"ImageObject\",\"inLanguage\":\"ca\",\"@id\":\"https:\/\/justaenergia.com\/ca\/#\/schema\/logo\/image\/\",\"url\":\"https:\/\/justaenergia.com\/wp-content\/uploads\/2019\/08\/logo-justa-energia-gran.svg\",\"contentUrl\":\"https:\/\/justaenergia.com\/wp-content\/uploads\/2019\/08\/logo-justa-energia-gran.svg\",\"width\":1,\"height\":1,\"caption\":\"JustaEnergia\"},\"image\":{\"@id\":\"https:\/\/justaenergia.com\/ca\/#\/schema\/logo\/image\/\"}}]}<\/script>\n<!-- \/ Yoast SEO plugin. -->","yoast_head_json":{"title":"Casos d\u2019\u00e8xit - JustaEnergia","robots":{"index":"index","follow":"follow","max-snippet":"max-snippet:-1","max-image-preview":"max-image-preview:large","max-video-preview":"max-video-preview:-1"},"canonical":"https:\/\/justaenergia.com\/ca\/casos-dexit\/","og_locale":"ca_ES","og_type":"article","og_title":"Casos d\u2019\u00e8xit - JustaEnergia","og_description":"[vc_row css_animation=&#8221;&#8221; row_type=&#8221;row&#8221; use_row_as_full_screen_section=&#8221;no&#8221; type=&#8221;grid&#8221; angled_section=&#8221;no&#8221; text_align=&#8221;left&#8221; background_image_as_pattern=&#8221;without_pattern&#8221;][vc_column][vc_column_text] Casos d\u2019\u00e8xit &nbsp; Grans superf\u00edcies comercials, cadenes de cinemes, hotels, edificis p\u00fabllics o d\u2019oficines i comunitats ens han confiat la gesti\u00f3 energ\u00e8tica de les instal\u00b7lacions. [\/vc_column_text][vc_empty_space][\/vc_column][\/vc_row][vc_row css_animation=&#8221;&#8221; row_type=&#8221;row&#8221; use_row_as_full_screen_section=&#8221;no&#8221; type=&#8221;full_width&#8221; angled_section=&#8221;no&#8221; text_align=&#8221;left&#8221; background_image_as_pattern=&#8221;without_pattern&#8221;][vc_column css=&#8221;.vc_custom_1574935738735{background-image: url(http:\/\/justaenergia.com\/wp-content\/uploads\/2019\/11\/trama-verde-ok.svg?id=2133) !important;background-position: 0...","og_url":"https:\/\/justaenergia.com\/ca\/casos-dexit\/","og_site_name":"JustaEnergia","article_modified_time":"2019-11-28T15:18:16+00:00","twitter_card":"summary_large_image","twitter_misc":{"Temps estimat de lectura":"3 minuts"},"schema":{"@context":"https:\/\/schema.org","@graph":[{"@type":"WebPage","@id":"https:\/\/justaenergia.com\/ca\/casos-dexit\/","url":"https:\/\/justaenergia.com\/ca\/casos-dexit\/","name":"Casos d\u2019\u00e8xit - JustaEnergia","isPartOf":{"@id":"https:\/\/justaenergia.com\/ca\/#website"},"datePublished":"2019-09-18T12:56:58+00:00","dateModified":"2019-11-28T15:18:16+00:00","breadcrumb":{"@id":"https:\/\/justaenergia.com\/ca\/casos-dexit\/#breadcrumb"},"inLanguage":"ca","potentialAction":[{"@type":"ReadAction","target":["https:\/\/justaenergia.com\/ca\/casos-dexit\/"]}]},{"@type":"BreadcrumbList","@id":"https:\/\/justaenergia.com\/ca\/casos-dexit\/#breadcrumb","itemListElement":[{"@type":"ListItem","position":1,"name":"Inici","item":"https:\/\/justaenergia.com\/ca\/"},{"@type":"ListItem","position":2,"name":"Casos d\u2019\u00e8xit"}]},{"@type":"WebSite","@id":"https:\/\/justaenergia.com\/ca\/#website","url":"https:\/\/justaenergia.com\/ca\/","name":"JustaEnergia","description":"Optimizaci\u00f3n, Consumo y Ahorro de tu energ\u00eda","publisher":{"@id":"https:\/\/justaenergia.com\/ca\/#organization"},"potentialAction":[{"@type":"SearchAction","target":{"@type":"EntryPoint","urlTemplate":"https:\/\/justaenergia.com\/ca\/?s={search_term_string}"},"query-input":{"@type":"PropertyValueSpecification","valueRequired":true,"valueName":"search_term_string"}}],"inLanguage":"ca"},{"@type":"Organization","@id":"https:\/\/justaenergia.com\/ca\/#organization","name":"JustaEnergia","url":"https:\/\/justaenergia.com\/ca\/","logo":{"@type":"ImageObject","inLanguage":"ca","@id":"https:\/\/justaenergia.com\/ca\/#\/schema\/logo\/image\/","url":"https:\/\/justaenergia.com\/wp-content\/uploads\/2019\/08\/logo-justa-energia-gran.svg","contentUrl":"https:\/\/justaenergia.com\/wp-content\/uploads\/2019\/08\/logo-justa-energia-gran.svg","width":1,"height":1,"caption":"JustaEnergia"},"image":{"@id":"https:\/\/justaenergia.com\/ca\/#\/schema\/logo\/image\/"}}]}},"_links":{"self":[{"href":"https:\/\/justaenergia.com\/ca\/wp-json\/wp\/v2\/pages\/590","targetHints":{"allow":["GET"]}}],"collection":[{"href":"https:\/\/justaenergia.com\/ca\/wp-json\/wp\/v2\/pages"}],"about":[{"href":"https:\/\/justaenergia.com\/ca\/wp-json\/wp\/v2\/types\/page"}],"author":[{"embeddable":true,"href":"https:\/\/justaenergia.com\/ca\/wp-json\/wp\/v2\/users\/1"}],"replies":[{"embeddable":true,"href":"https:\/\/justaenergia.com\/ca\/wp-json\/wp\/v2\/comments?post=590"}],"version-history":[{"count":21,"href":"https:\/\/justaenergia.com\/ca\/wp-json\/wp\/v2\/pages\/590\/revisions"}],"predecessor-version":[{"id":2194,"href":"https:\/\/justaenergia.com\/ca\/wp-json\/wp\/v2\/pages\/590\/revisions\/2194"}],"wp:attachment":[{"href":"https:\/\/justaenergia.com\/ca\/wp-json\/wp\/v2\/media?parent=590"}],"curies":[{"name":"wp","href":"https:\/\/api.w.org\/{rel}","templated":true}]}}