{"id":267,"date":"2019-09-04T07:46:09","date_gmt":"2019-09-04T05:46:09","guid":{"rendered":"http:\/\/justaenergia.com\/restyling\/edificis-2\/"},"modified":"2020-01-28T20:26:02","modified_gmt":"2020-01-28T18:26:02","slug":"industria","status":"publish","type":"page","link":"https:\/\/justaenergia.com\/ca\/industria\/","title":{"rendered":"Ind\u00fastria"},"content":{"rendered":"<div class=\"wpb-content-wrapper\"><p>[vc_row css_animation=&#8221;&#8221; row_type=&#8221;row&#8221; use_row_as_full_screen_section=&#8221;no&#8221; type=&#8221;grid&#8221; angled_section=&#8221;no&#8221; text_align=&#8221;left&#8221; background_image_as_pattern=&#8221;without_pattern&#8221;][vc_column width=&#8221;2\/3&#8243;][vc_column_text]<\/p>\n<h1>Ind\u00fastria<\/h1>\n<p>&nbsp;<\/p>\n<h4>Projectes integrals d\u2019instal\u00b7lacions des del disseny a la construcci\u00f3 i gesti\u00f3 energ\u00e8tica en entorns de gran demanda de consum.<\/h4>\n<p>[\/vc_column_text][vc_empty_space][\/vc_column][vc_column width=&#8221;1\/3&#8243; css=&#8221;.vc_custom_1567572738253{padding: 65px !important;background-color: #ccd321 !important;}&#8221;][vc_row_inner row_type=&#8221;row&#8221; type=&#8221;full_width&#8221; text_align=&#8221;left&#8221; css_animation=&#8221;&#8221; css=&#8221;.vc_custom_1569557265914{padding-top: 26px !important;padding-right: 26px !important;padding-bottom: 26px !important;padding-left: 26px !important;}&#8221;][vc_column_inner width=&#8221;1\/4&#8243;][vc_single_image image=&#8221;922&#8243; img_size=&#8221;full&#8221; alignment=&#8221;center&#8221; qode_css_animation=&#8221;element_from_fade&#8221;][vc_empty_space][\/vc_column_inner][vc_column_inner width=&#8221;3\/4&#8243;][vc_column_text]<span style=\"color: #ffffff;\"><strong><span style=\"color: #ffffff;\">Articles relacionats<\/span> <a href=\"\/blog-industria\/\"><img decoding=\"async\" class=\"alignnone size-full wp-image-44\" style=\"position: relative; top: 7px; float: right;\" src=\"http:\/\/justaenergia.com\/wp-content\/uploads\/2019\/08\/flecha-derecha.svg\" alt=\"\" \/><\/a><\/strong><\/span><\/p>\n<p><span style=\"color: #ffffff;\"><strong><span style=\"color: #000000;\"><br \/>\n<\/span> <\/strong><\/span><\/p>\n<p><span style=\"color: #ffffff;\"><strong><a href=\"\/casos-dexit\/#industria\"><img decoding=\"async\" class=\"alignnone size-full wp-image-44\" style=\"position: relative; top: 7px; float: right;\" src=\"http:\/\/justaenergia.com\/wp-content\/uploads\/2019\/08\/flecha-derecha.svg\" alt=\"\" \/><\/a><\/strong><strong>Casos pr\u00e0ctics<\/strong><\/span><\/p>\n<p>&nbsp;<\/p>\n<p><span style=\"color: #000000;\"><span style=\"color: #ffffff;\"><strong>Contacta amb el nostre expert<\/strong> <\/span><strong><span style=\"color: #ffffff;\">en efici\u00e8ncia en la ind\u00fastria<\/span> <a style=\"color: #000000;\" href=\"\/contacte\/\"><img decoding=\"async\" class=\"alignnone size-full wp-image-44\" style=\"position: relative; top: 7px; float: right;\" src=\"http:\/\/justaenergia.com\/wp-content\/uploads\/2019\/08\/flecha-derecha.svg\" alt=\"\" \/><\/a><\/strong><\/span>[\/vc_column_text][\/vc_column_inner][\/vc_row_inner][\/vc_column][\/vc_row][vc_row css_animation=&#8221;&#8221; row_type=&#8221;row&#8221; use_row_as_full_screen_section=&#8221;no&#8221; type=&#8221;grid&#8221; angled_section=&#8221;no&#8221; text_align=&#8221;left&#8221; background_image_as_pattern=&#8221;without_pattern&#8221;][vc_column][vc_empty_space][vc_accordion active_tab=&#8221;1&#8243; collapsible=&#8221;yes&#8221; style=&#8221;accordion&#8221;][vc_accordion_tab title=&#8221;Gesti\u00f3 de compres del subministrament energ\u00e8tic&#8221; title_tag=&#8221;h4&#8243; src=&#8221;&#8220;http:\/\/justaenergia.com\/restyling\/wp-content\/uploads\/2019\/09\/panel-solar.svg&#8220;&#8221;][vc_column_text]<\/p>\n<p class=\"p1\"><span class=\"s1\">Avaluem les necessitats de consum de la instal\u00b7laci\u00f3 i identifiquem les tarifes m\u00e9s convenients per assegurar el rendiment necessari al millor cost. <\/span><\/p>\n<p>&nbsp;<\/p>\n<p class=\"p1\"><span class=\"s1\">Si cal, posem a punt la instal\u00b7laci\u00f3 i ens encarreguem de gestionar la regularitzaci\u00f3 dels canvis. <\/span><\/p>\n<p>&nbsp;<\/p>\n<p class=\"p1\"><span class=\"s1\">Manteniment de l\u2019estalvi amb l\u2019actualitzaci\u00f3 de les tarifes contractades i el seguiment dels consums mensuals.<\/span><\/p>\n<p>&nbsp;<\/p>\n<p class=\"p2\"><strong><a href=\"\/gestio-de-contractes\/\"><span class=\"s2\"><span style=\"color: #00ccff;\"><u>Gesti\u00f3 de contractes<\/u><\/span><\/span><\/a><\/strong><\/p>\n<p>[\/vc_column_text][\/vc_accordion_tab][vc_accordion_tab title=&#8221;Mesures d\u2019efici\u00e8ncia energ\u00e8tica pel rendiment \u00f2ptim de la instal\u00b7laci\u00f3&#8221; title_tag=&#8221;h4&#8243;][vc_column_text]<\/p>\n<p class=\"p1\"><span class=\"s1\">Monitoratge dels equips amb major demanda, que es controlen en temps real des de la nostra central per con\u00e8ixer les necessitats energ\u00e8tiques (part dels costos de la operaci\u00f3 industrial) i detectar possibles desviacions per mal funcionament o procediments ineficients.<\/span><\/p>\n<p>&nbsp;<\/p>\n<p class=\"p1\"><span class=\"s1\">L\u2019oficina t\u00e8cnica de JustaEnergia defineix el <\/span><span class=\"s2\"><b>mapa energ\u00e8tic<\/b><\/span><span class=\"s1\"> de la instal\u00b7laci\u00f3 amb l\u2019an\u00e0lisi de les dades reals de consum i el coneixement de les necessitats energ\u00e8tiques.<\/span><\/p>\n<p>&nbsp;<\/p>\n<p class=\"p1\"><span class=\"s1\">Definim un pla informat de mesures eficaces, sense inversi\u00f3 o amb m\u00ednima inversi\u00f3:<\/span><\/p>\n<p>&nbsp;<\/p>\n<ul class=\"ul1\">\n<li style=\"list-style-type: none;\">\n<ul class=\"ul1\">\n<li class=\"li2\"><span class=\"s1\">formaci\u00f3 en bones pr\u00e0ctiques adaptades a l\u2019activitat industrial<\/span><\/li>\n<li class=\"li2\"><span class=\"s1\">revisi\u00f3 de processos i protocols <\/span><\/li>\n<li class=\"li2\"><span class=\"s1\">alertes per corregir desviacions abans no causin despeses innecess\u00e0ries<\/span><\/li>\n<li class=\"li2\"><span class=\"s1\">millores en la instal\u00b7laci\u00f3<\/span><\/li>\n<\/ul>\n<\/li>\n<\/ul>\n<p>&nbsp;<\/p>\n<p class=\"p2\"><a href=\"\/enginyeria-energetica-i-solucions-deficiencia\/\"><strong><span class=\"s4\"><span style=\"color: #00ccff;\"><a style=\"color: #00ccff;\" href=\"\/enginyeria-energetica-i-solucions-deficiencia\/\"><u>Solucions d\u2019efici\u00e8ncia energ\u00e8tica<\/u><\/a><\/span><\/span><\/strong><\/a><\/p>\n<p>[\/vc_column_text][\/vc_accordion_tab][vc_accordion_tab title=&#8221;Implantaci\u00f3 de sistemes eficients amb la tecnologia m\u00e9s avan\u00e7ada&#8221; title_tag=&#8221;h4&#8243;][vc_column_text]<\/p>\n<p class=\"p1\"><span class=\"s1\">Inversions en equipaments a partir de decisions informades, amb estudi previ de finan\u00e7ament, rendibilitat i temps de retorn de la inversi\u00f3.<\/span><\/p>\n<p>&nbsp;<\/p>\n<p class=\"p1\"><span class=\"s1\">Pla de inversi\u00f3 dels estalvis obtinguts amb les mesures d\u2019efici\u00e8ncia energ\u00e8tica.<\/span><\/p>\n<p>&nbsp;<\/p>\n<p class=\"p1\"><span class=\"s1\">Consums m\u00ednims i el rendiment m\u00e9s alt amb equips que generen part de l\u2019energia que necessita l\u2019activitat industrial: sostenibilitat, compliment d\u2019est\u00e0ndards<\/span><\/p>\n<p>&nbsp;<\/p>\n<p class=\"p1\"><a href=\"\/projectes-denginyeria-energetica\/\"><strong><span class=\"s1\"><a href=\"\/projectes-denginyeria-energetica\/\"><span class=\"s2\"><span style=\"color: #00ccff;\"><u>Projectes d\u2019enginyeria<\/u><\/span><\/span><\/a><\/span><\/strong><\/a><\/p>\n<p>[\/vc_column_text][\/vc_accordion_tab][vc_accordion_tab title=&#8221;Evoluci\u00f3 i manteniment de l\u2019estalvi&#8221; title_tag=&#8221;h4&#8243;][vc_column_text]<\/p>\n<p class=\"p1\"><span class=\"s1\">Enginyeria energ\u00e8tica al servei d\u2019instal\u00b7lacions d\u2019alt rendiment i seguretat.<\/span><\/p>\n<p>[\/vc_column_text][\/vc_accordion_tab][vc_accordion_tab title=&#8221;Altres&#8221; title_tag=&#8221;h4&#8243;][vc_column_text]<\/p>\n<p class=\"p1\"><span class=\"s1\">Certificaci\u00f3 de locals i equipaments<\/span><\/p>\n<p class=\"p1\"><span class=\"s1\">Direcci\u00f3 de projectes<\/span><\/p>\n<p class=\"p1\"><span class=\"s1\">Tramitaci\u00f3 de subvencions<\/span><\/p>\n<p>[\/vc_column_text][\/vc_accordion_tab][\/vc_accordion][vc_empty_space][\/vc_column][\/vc_row][vc_row css_animation=&#8221;&#8221; row_type=&#8221;row&#8221; use_row_as_full_screen_section=&#8221;no&#8221; type=&#8221;full_width&#8221; angled_section=&#8221;no&#8221; text_align=&#8221;left&#8221; background_image_as_pattern=&#8221;without_pattern&#8221; css=&#8221;.vc_custom_1574954494337{background-image: url(http:\/\/justaenergia.com\/wp-content\/uploads\/2019\/09\/cielo-azul.jpg?id=269) !important;}&#8221;][vc_column][vc_empty_space height=&#8221;400px&#8221;][\/vc_column][\/vc_row][vc_row css_animation=&#8221;&#8221; row_type=&#8221;row&#8221; use_row_as_full_screen_section=&#8221;no&#8221; type=&#8221;grid&#8221; angled_section=&#8221;no&#8221; text_align=&#8221;left&#8221; background_image_as_pattern=&#8221;without_pattern&#8221;][vc_column css=&#8221;.vc_custom_1571324858899{background-position: center !important;background-repeat: no-repeat !important;background-size: cover !important;}&#8221;][vc_empty_space height=&#8221;64px&#8221;][vc_column_text]<\/p>\n<h2 style=\"text-align: center;\">Ens han confiat la gesti\u00f3 energ\u00e8tica<\/h2>\n<p>[\/vc_column_text][vc_separator type=&#8221;normal&#8221; color=&#8221;#e41b73&#8243; thickness=&#8221;2&#8243;][vc_gallery interval=&#8221;10&#8243; images=&#8221;1725,1729&#8243; img_size=&#8221;full&#8221;][vc_separator type=&#8221;normal&#8221; color=&#8221;#e41b73&#8243; thickness=&#8221;2&#8243;][\/vc_column][\/vc_row][vc_row css_animation=&#8221;&#8221; row_type=&#8221;row&#8221; use_row_as_full_screen_section=&#8221;no&#8221; type=&#8221;full_width&#8221; angled_section=&#8221;no&#8221; text_align=&#8221;left&#8221; background_image_as_pattern=&#8221;without_pattern&#8221;][vc_column][vc_empty_space][vc_column_text]<\/p>\n<h2 style=\"text-align: center;\">Casos d\u2019\u00e8xit<\/h2>\n<p>[\/vc_column_text][vc_empty_space][\/vc_column][\/vc_row][vc_row css_animation=&#8221;&#8221; row_type=&#8221;row&#8221; use_row_as_full_screen_section=&#8221;no&#8221; type=&#8221;full_width&#8221; angled_section=&#8221;no&#8221; text_align=&#8221;left&#8221; background_image_as_pattern=&#8221;without_pattern&#8221;][vc_column css=&#8221;.vc_custom_1574934575425{background-image: url(http:\/\/justaenergia.com\/wp-content\/uploads\/2019\/11\/trama-verde-ok.svg?id=2133) !important;background-position: 0 0 !important;background-repeat: repeat !important;}&#8221;][vc_empty_space][vc_row_inner row_type=&#8221;row&#8221; type=&#8221;grid&#8221; text_align=&#8221;left&#8221; css_animation=&#8221;&#8221;][vc_column_inner][vc_basic_grid post_type=&#8221;portfolio_page&#8221; max_items=&#8221;3&#8243; item=&#8221;601&#8243; grid_id=&#8221;vc_gid:1575098561658-53292b23-4449-7&#8243; taxonomies=&#8221;4&#8243;][\/vc_column_inner][\/vc_row_inner][vc_empty_space][vc_row_inner row_type=&#8221;row&#8221; type=&#8221;grid&#8221; text_align=&#8221;left&#8221; css_animation=&#8221;&#8221;][vc_column_inner width=&#8221;1\/3&#8243;][\/vc_column_inner][vc_column_inner width=&#8221;1\/3&#8243; css=&#8221;.vc_custom_1567575517719{background-color: #ccd321 !important;}&#8221;][vc_column_text css=&#8221;.vc_custom_1574930380003{padding-top: 52px !important;padding-right: 52px !important;padding-bottom: 52px !important;padding-left: 52px !important;}&#8221;]<\/p>\n<p style=\"text-align: center;\"><a href=\"\/casos-dexit\/#industria\"><span style=\"color: #ffffff; font-size: 1.5em;\">Descarrega\u2019t<\/span><\/a><br \/>\n<a href=\"\/casos-dexit\/#industria\"><span style=\"color: #ffffff; font-size: 1.5em;\">casos d\u2019\u00e8xit, guies<\/span><\/a><br \/>\n<a href=\"\/casos-dexit\/#industria\"><span style=\"color: #ffffff; font-size: 1.5em;\">i estudis<\/span><\/a><\/p>\n<p>[\/vc_column_text][\/vc_column_inner][vc_column_inner width=&#8221;1\/3&#8243;][\/vc_column_inner][\/vc_row_inner][vc_empty_space][\/vc_column][\/vc_row]<\/p>\n<\/div>","protected":false},"excerpt":{"rendered":"<p>[vc_row css_animation=&#8221;&#8221; row_type=&#8221;row&#8221; use_row_as_full_screen_section=&#8221;no&#8221; type=&#8221;grid&#8221; angled_section=&#8221;no&#8221; text_align=&#8221;left&#8221; background_image_as_pattern=&#8221;without_pattern&#8221;][vc_column width=&#8221;2\/3&#8243;][vc_column_text] Ind\u00fastria &nbsp; Projectes integrals d\u2019instal\u00b7lacions des del disseny a la construcci\u00f3 i gesti\u00f3 energ\u00e8tica en entorns de gran demanda de consum. [\/vc_column_text][vc_empty_space][\/vc_column][vc_column width=&#8221;1\/3&#8243; css=&#8221;.vc_custom_1567572738253{padding: 65px !important;background-color: #ccd321 !important;}&#8221;][vc_row_inner row_type=&#8221;row&#8221; type=&#8221;full_width&#8221; text_align=&#8221;left&#8221; css_animation=&#8221;&#8221; css=&#8221;.vc_custom_1569557265914{padding-top: 26px !important;padding-right: 26px&#8230;<\/p>\n","protected":false},"author":1,"featured_media":0,"parent":0,"menu_order":0,"comment_status":"closed","ping_status":"closed","template":"full_width.php","meta":{"inline_featured_image":false,"footnotes":""},"class_list":["post-267","page","type-page","status-publish","hentry"],"yoast_head":"<!-- This site is optimized with the Yoast SEO plugin v27.0 - https:\/\/yoast.com\/product\/yoast-seo-wordpress\/ -->\n<title>Ind\u00fastria - JustaEnergia<\/title>\n<meta name=\"robots\" content=\"index, follow, max-snippet:-1, max-image-preview:large, max-video-preview:-1\" \/>\n<link rel=\"canonical\" href=\"https:\/\/justaenergia.com\/ca\/industria\/\" \/>\n<meta property=\"og:locale\" content=\"ca_ES\" \/>\n<meta property=\"og:type\" content=\"article\" \/>\n<meta property=\"og:title\" content=\"Ind\u00fastria - JustaEnergia\" \/>\n<meta property=\"og:description\" content=\"[vc_row css_animation=&#8221;&#8221; row_type=&#8221;row&#8221; use_row_as_full_screen_section=&#8221;no&#8221; type=&#8221;grid&#8221; angled_section=&#8221;no&#8221; text_align=&#8221;left&#8221; background_image_as_pattern=&#8221;without_pattern&#8221;][vc_column width=&#8221;2\/3&#8243;][vc_column_text] Ind\u00fastria &nbsp; Projectes integrals d\u2019instal\u00b7lacions des del disseny a la construcci\u00f3 i gesti\u00f3 energ\u00e8tica en entorns de gran demanda de consum. [\/vc_column_text][vc_empty_space][\/vc_column][vc_column width=&#8221;1\/3&#8243; css=&#8221;.vc_custom_1567572738253{padding: 65px !important;background-color: #ccd321 !important;}&#8221;][vc_row_inner row_type=&#8221;row&#8221; type=&#8221;full_width&#8221; text_align=&#8221;left&#8221; css_animation=&#8221;&#8221; css=&#8221;.vc_custom_1569557265914{padding-top: 26px !important;padding-right: 26px...\" \/>\n<meta property=\"og:url\" content=\"https:\/\/justaenergia.com\/ca\/industria\/\" \/>\n<meta property=\"og:site_name\" content=\"JustaEnergia\" \/>\n<meta property=\"article:modified_time\" content=\"2020-01-28T18:26:02+00:00\" \/>\n<meta property=\"og:image\" content=\"http:\/\/justaenergia.com\/wp-content\/uploads\/2019\/08\/flecha-derecha.svg\" \/>\n<meta name=\"twitter:card\" content=\"summary_large_image\" \/>\n<meta name=\"twitter:label1\" content=\"Temps estimat de lectura\" \/>\n\t<meta name=\"twitter:data1\" content=\"5 minuts\" \/>\n<script type=\"application\/ld+json\" class=\"yoast-schema-graph\">{\"@context\":\"https:\/\/schema.org\",\"@graph\":[{\"@type\":\"WebPage\",\"@id\":\"https:\/\/justaenergia.com\/ca\/industria\/\",\"url\":\"https:\/\/justaenergia.com\/ca\/industria\/\",\"name\":\"Ind\u00fastria - JustaEnergia\",\"isPartOf\":{\"@id\":\"https:\/\/justaenergia.com\/ca\/#website\"},\"primaryImageOfPage\":{\"@id\":\"https:\/\/justaenergia.com\/ca\/industria\/#primaryimage\"},\"image\":{\"@id\":\"https:\/\/justaenergia.com\/ca\/industria\/#primaryimage\"},\"thumbnailUrl\":\"http:\/\/justaenergia.com\/wp-content\/uploads\/2019\/08\/flecha-derecha.svg\",\"datePublished\":\"2019-09-04T05:46:09+00:00\",\"dateModified\":\"2020-01-28T18:26:02+00:00\",\"breadcrumb\":{\"@id\":\"https:\/\/justaenergia.com\/ca\/industria\/#breadcrumb\"},\"inLanguage\":\"ca\",\"potentialAction\":[{\"@type\":\"ReadAction\",\"target\":[\"https:\/\/justaenergia.com\/ca\/industria\/\"]}]},{\"@type\":\"ImageObject\",\"inLanguage\":\"ca\",\"@id\":\"https:\/\/justaenergia.com\/ca\/industria\/#primaryimage\",\"url\":\"http:\/\/justaenergia.com\/wp-content\/uploads\/2019\/08\/flecha-derecha.svg\",\"contentUrl\":\"http:\/\/justaenergia.com\/wp-content\/uploads\/2019\/08\/flecha-derecha.svg\"},{\"@type\":\"BreadcrumbList\",\"@id\":\"https:\/\/justaenergia.com\/ca\/industria\/#breadcrumb\",\"itemListElement\":[{\"@type\":\"ListItem\",\"position\":1,\"name\":\"Inici\",\"item\":\"https:\/\/justaenergia.com\/ca\/\"},{\"@type\":\"ListItem\",\"position\":2,\"name\":\"Ind\u00fastria\"}]},{\"@type\":\"WebSite\",\"@id\":\"https:\/\/justaenergia.com\/ca\/#website\",\"url\":\"https:\/\/justaenergia.com\/ca\/\",\"name\":\"JustaEnergia\",\"description\":\"Optimizaci\u00f3n, Consumo y Ahorro de tu energ\u00eda\",\"publisher\":{\"@id\":\"https:\/\/justaenergia.com\/ca\/#organization\"},\"potentialAction\":[{\"@type\":\"SearchAction\",\"target\":{\"@type\":\"EntryPoint\",\"urlTemplate\":\"https:\/\/justaenergia.com\/ca\/?s={search_term_string}\"},\"query-input\":{\"@type\":\"PropertyValueSpecification\",\"valueRequired\":true,\"valueName\":\"search_term_string\"}}],\"inLanguage\":\"ca\"},{\"@type\":\"Organization\",\"@id\":\"https:\/\/justaenergia.com\/ca\/#organization\",\"name\":\"JustaEnergia\",\"url\":\"https:\/\/justaenergia.com\/ca\/\",\"logo\":{\"@type\":\"ImageObject\",\"inLanguage\":\"ca\",\"@id\":\"https:\/\/justaenergia.com\/ca\/#\/schema\/logo\/image\/\",\"url\":\"https:\/\/justaenergia.com\/wp-content\/uploads\/2019\/08\/logo-justa-energia-gran.svg\",\"contentUrl\":\"https:\/\/justaenergia.com\/wp-content\/uploads\/2019\/08\/logo-justa-energia-gran.svg\",\"width\":1,\"height\":1,\"caption\":\"JustaEnergia\"},\"image\":{\"@id\":\"https:\/\/justaenergia.com\/ca\/#\/schema\/logo\/image\/\"}}]}<\/script>\n<!-- \/ Yoast SEO plugin. -->","yoast_head_json":{"title":"Ind\u00fastria - JustaEnergia","robots":{"index":"index","follow":"follow","max-snippet":"max-snippet:-1","max-image-preview":"max-image-preview:large","max-video-preview":"max-video-preview:-1"},"canonical":"https:\/\/justaenergia.com\/ca\/industria\/","og_locale":"ca_ES","og_type":"article","og_title":"Ind\u00fastria - JustaEnergia","og_description":"[vc_row css_animation=&#8221;&#8221; row_type=&#8221;row&#8221; use_row_as_full_screen_section=&#8221;no&#8221; type=&#8221;grid&#8221; angled_section=&#8221;no&#8221; text_align=&#8221;left&#8221; background_image_as_pattern=&#8221;without_pattern&#8221;][vc_column width=&#8221;2\/3&#8243;][vc_column_text] Ind\u00fastria &nbsp; Projectes integrals d\u2019instal\u00b7lacions des del disseny a la construcci\u00f3 i gesti\u00f3 energ\u00e8tica en entorns de gran demanda de consum. [\/vc_column_text][vc_empty_space][\/vc_column][vc_column width=&#8221;1\/3&#8243; css=&#8221;.vc_custom_1567572738253{padding: 65px !important;background-color: #ccd321 !important;}&#8221;][vc_row_inner row_type=&#8221;row&#8221; type=&#8221;full_width&#8221; text_align=&#8221;left&#8221; css_animation=&#8221;&#8221; css=&#8221;.vc_custom_1569557265914{padding-top: 26px !important;padding-right: 26px...","og_url":"https:\/\/justaenergia.com\/ca\/industria\/","og_site_name":"JustaEnergia","article_modified_time":"2020-01-28T18:26:02+00:00","og_image":[{"url":"http:\/\/justaenergia.com\/wp-content\/uploads\/2019\/08\/flecha-derecha.svg","type":"","width":"","height":""}],"twitter_card":"summary_large_image","twitter_misc":{"Temps estimat de lectura":"5 minuts"},"schema":{"@context":"https:\/\/schema.org","@graph":[{"@type":"WebPage","@id":"https:\/\/justaenergia.com\/ca\/industria\/","url":"https:\/\/justaenergia.com\/ca\/industria\/","name":"Ind\u00fastria - JustaEnergia","isPartOf":{"@id":"https:\/\/justaenergia.com\/ca\/#website"},"primaryImageOfPage":{"@id":"https:\/\/justaenergia.com\/ca\/industria\/#primaryimage"},"image":{"@id":"https:\/\/justaenergia.com\/ca\/industria\/#primaryimage"},"thumbnailUrl":"http:\/\/justaenergia.com\/wp-content\/uploads\/2019\/08\/flecha-derecha.svg","datePublished":"2019-09-04T05:46:09+00:00","dateModified":"2020-01-28T18:26:02+00:00","breadcrumb":{"@id":"https:\/\/justaenergia.com\/ca\/industria\/#breadcrumb"},"inLanguage":"ca","potentialAction":[{"@type":"ReadAction","target":["https:\/\/justaenergia.com\/ca\/industria\/"]}]},{"@type":"ImageObject","inLanguage":"ca","@id":"https:\/\/justaenergia.com\/ca\/industria\/#primaryimage","url":"http:\/\/justaenergia.com\/wp-content\/uploads\/2019\/08\/flecha-derecha.svg","contentUrl":"http:\/\/justaenergia.com\/wp-content\/uploads\/2019\/08\/flecha-derecha.svg"},{"@type":"BreadcrumbList","@id":"https:\/\/justaenergia.com\/ca\/industria\/#breadcrumb","itemListElement":[{"@type":"ListItem","position":1,"name":"Inici","item":"https:\/\/justaenergia.com\/ca\/"},{"@type":"ListItem","position":2,"name":"Ind\u00fastria"}]},{"@type":"WebSite","@id":"https:\/\/justaenergia.com\/ca\/#website","url":"https:\/\/justaenergia.com\/ca\/","name":"JustaEnergia","description":"Optimizaci\u00f3n, Consumo y Ahorro de tu energ\u00eda","publisher":{"@id":"https:\/\/justaenergia.com\/ca\/#organization"},"potentialAction":[{"@type":"SearchAction","target":{"@type":"EntryPoint","urlTemplate":"https:\/\/justaenergia.com\/ca\/?s={search_term_string}"},"query-input":{"@type":"PropertyValueSpecification","valueRequired":true,"valueName":"search_term_string"}}],"inLanguage":"ca"},{"@type":"Organization","@id":"https:\/\/justaenergia.com\/ca\/#organization","name":"JustaEnergia","url":"https:\/\/justaenergia.com\/ca\/","logo":{"@type":"ImageObject","inLanguage":"ca","@id":"https:\/\/justaenergia.com\/ca\/#\/schema\/logo\/image\/","url":"https:\/\/justaenergia.com\/wp-content\/uploads\/2019\/08\/logo-justa-energia-gran.svg","contentUrl":"https:\/\/justaenergia.com\/wp-content\/uploads\/2019\/08\/logo-justa-energia-gran.svg","width":1,"height":1,"caption":"JustaEnergia"},"image":{"@id":"https:\/\/justaenergia.com\/ca\/#\/schema\/logo\/image\/"}}]}},"_links":{"self":[{"href":"https:\/\/justaenergia.com\/ca\/wp-json\/wp\/v2\/pages\/267","targetHints":{"allow":["GET"]}}],"collection":[{"href":"https:\/\/justaenergia.com\/ca\/wp-json\/wp\/v2\/pages"}],"about":[{"href":"https:\/\/justaenergia.com\/ca\/wp-json\/wp\/v2\/types\/page"}],"author":[{"embeddable":true,"href":"https:\/\/justaenergia.com\/ca\/wp-json\/wp\/v2\/users\/1"}],"replies":[{"embeddable":true,"href":"https:\/\/justaenergia.com\/ca\/wp-json\/wp\/v2\/comments?post=267"}],"version-history":[{"count":54,"href":"https:\/\/justaenergia.com\/ca\/wp-json\/wp\/v2\/pages\/267\/revisions"}],"predecessor-version":[{"id":2467,"href":"https:\/\/justaenergia.com\/ca\/wp-json\/wp\/v2\/pages\/267\/revisions\/2467"}],"wp:attachment":[{"href":"https:\/\/justaenergia.com\/ca\/wp-json\/wp\/v2\/media?parent=267"}],"curies":[{"name":"wp","href":"https:\/\/api.w.org\/{rel}","templated":true}]}}