{"id":2284,"date":"2019-11-30T09:44:27","date_gmt":"2019-11-30T07:44:27","guid":{"rendered":"http:\/\/justaenergia.com\/avis-legal-2\/"},"modified":"2019-11-30T10:39:51","modified_gmt":"2019-11-30T08:39:51","slug":"politica-de-cookies","status":"publish","type":"page","link":"https:\/\/justaenergia.com\/ca\/politica-de-cookies\/","title":{"rendered":"Pol\u00edtica de cookies"},"content":{"rendered":"<div class=\"wpb-content-wrapper\"><p>[vc_row css_animation=&#8221;&#8221; row_type=&#8221;row&#8221; use_row_as_full_screen_section=&#8221;no&#8221; type=&#8221;full_width&#8221; angled_section=&#8221;no&#8221; text_align=&#8221;left&#8221; background_image_as_pattern=&#8221;without_pattern&#8221;][vc_column][vc_column_text]<\/p>\n<h1>Pol\u00edtica de cookies<\/h1>\n<p>&nbsp;<\/p>\n<p>JustaEnerg\u00eda utilitza cookies a la seva p\u00e0gina web. La cookie \u00e9s un petit arxiu de text que emmagatzema informaci\u00f3 sobre l&#8217;usuari. La cookie emmagatzemada al disc dur del servidor nom\u00e9s pot ser llegida per aquest lloc web. No \u00e9s un fitxer executable ni pot propagar ni contenir un virus.<\/p>\n<p>&nbsp;<\/p>\n<p>Les cookies es guardaran en el disc dur del seu ordinador de forma temporal o fins que vost\u00e8 les elimini.<\/p>\n<p>&nbsp;<\/p>\n<h5>L&#8217;usuari pot configurar el seu navegador per acceptar o rebutjar les galetes; no obstant aix\u00f2, JustaEnerg\u00eda no garanteix el bon funcionament d&#8217;aquesta p\u00e0gina en cas de desactivar les cookies.<\/h5>\n<p>&nbsp;<\/p>\n<h5>Cookies de tercers<\/h5>\n<p>Aquest lloc web utilitza com a sistema d&#8217;estad\u00edstiques Google Analytics. Aquesta soluci\u00f3 pot utilitzar cookies per analitzar el que succeeix a la nostra p\u00e0gina web.<\/p>\n<p>&nbsp;<\/p>\n<p>A m\u00e9s, l&#8217;\u00fas de cookies ens permet analitzar i millorar el rendiment de les comunicacions publicit\u00e0ries, aix\u00ed com mesurar l&#8217;efic\u00e0cia dels diferents suports que componen una campanya.<\/p>\n<p>&nbsp;<\/p>\n<p>Podeu obtenir m\u00e9s informaci\u00f3 sobre la pol\u00edtica de privadesa de Google Analytics en el seg\u00fcent enlla\u00e7:<\/p>\n<p><a href=\"http:\/\/www.google.com\/intl\/ca\/policies\/privacy\/\">http:\/\/www.google.com\/intl\/ca\/policies\/privacy\/<\/a>[\/vc_column_text][vc_empty_space height=&#8221;18px&#8221;][\/vc_column][\/vc_row]<\/p>\n<\/div>","protected":false},"excerpt":{"rendered":"<p>[vc_row css_animation=&#8221;&#8221; row_type=&#8221;row&#8221; use_row_as_full_screen_section=&#8221;no&#8221; type=&#8221;full_width&#8221; angled_section=&#8221;no&#8221; text_align=&#8221;left&#8221; background_image_as_pattern=&#8221;without_pattern&#8221;][vc_column][vc_column_text] Pol\u00edtica de cookies &nbsp; JustaEnerg\u00eda utilitza cookies a la seva p\u00e0gina web. La cookie \u00e9s un petit arxiu de text que emmagatzema informaci\u00f3 sobre l&#8217;usuari. La cookie emmagatzemada al disc dur del servidor nom\u00e9s pot ser llegida&#8230;<\/p>\n","protected":false},"author":1,"featured_media":0,"parent":0,"menu_order":0,"comment_status":"closed","ping_status":"closed","template":"","meta":{"inline_featured_image":false,"footnotes":""},"class_list":["post-2284","page","type-page","status-publish","hentry"],"yoast_head":"<!-- This site is optimized with the Yoast SEO plugin v27.0 - https:\/\/yoast.com\/product\/yoast-seo-wordpress\/ -->\n<title>Pol\u00edtica de cookies - JustaEnergia<\/title>\n<meta name=\"robots\" content=\"index, follow, max-snippet:-1, max-image-preview:large, max-video-preview:-1\" \/>\n<link rel=\"canonical\" href=\"https:\/\/justaenergia.com\/ca\/politica-de-cookies\/\" \/>\n<meta property=\"og:locale\" content=\"ca_ES\" \/>\n<meta property=\"og:type\" content=\"article\" \/>\n<meta property=\"og:title\" content=\"Pol\u00edtica de cookies - JustaEnergia\" \/>\n<meta property=\"og:description\" content=\"[vc_row css_animation=&#8221;&#8221; row_type=&#8221;row&#8221; use_row_as_full_screen_section=&#8221;no&#8221; type=&#8221;full_width&#8221; angled_section=&#8221;no&#8221; text_align=&#8221;left&#8221; background_image_as_pattern=&#8221;without_pattern&#8221;][vc_column][vc_column_text] Pol\u00edtica de cookies &nbsp; JustaEnerg\u00eda utilitza cookies a la seva p\u00e0gina web. La cookie \u00e9s un petit arxiu de text que emmagatzema informaci\u00f3 sobre l&#8217;usuari. La cookie emmagatzemada al disc dur del servidor nom\u00e9s pot ser llegida...\" \/>\n<meta property=\"og:url\" content=\"https:\/\/justaenergia.com\/ca\/politica-de-cookies\/\" \/>\n<meta property=\"og:site_name\" content=\"JustaEnergia\" \/>\n<meta property=\"article:modified_time\" content=\"2019-11-30T08:39:51+00:00\" \/>\n<meta name=\"twitter:card\" content=\"summary_large_image\" \/>\n<meta name=\"twitter:label1\" content=\"Temps estimat de lectura\" \/>\n\t<meta name=\"twitter:data1\" content=\"1 minut\" \/>\n<script type=\"application\/ld+json\" class=\"yoast-schema-graph\">{\"@context\":\"https:\/\/schema.org\",\"@graph\":[{\"@type\":\"WebPage\",\"@id\":\"https:\/\/justaenergia.com\/ca\/politica-de-cookies\/\",\"url\":\"https:\/\/justaenergia.com\/ca\/politica-de-cookies\/\",\"name\":\"Pol\u00edtica de cookies - JustaEnergia\",\"isPartOf\":{\"@id\":\"https:\/\/justaenergia.com\/ca\/#website\"},\"datePublished\":\"2019-11-30T07:44:27+00:00\",\"dateModified\":\"2019-11-30T08:39:51+00:00\",\"breadcrumb\":{\"@id\":\"https:\/\/justaenergia.com\/ca\/politica-de-cookies\/#breadcrumb\"},\"inLanguage\":\"ca\",\"potentialAction\":[{\"@type\":\"ReadAction\",\"target\":[\"https:\/\/justaenergia.com\/ca\/politica-de-cookies\/\"]}]},{\"@type\":\"BreadcrumbList\",\"@id\":\"https:\/\/justaenergia.com\/ca\/politica-de-cookies\/#breadcrumb\",\"itemListElement\":[{\"@type\":\"ListItem\",\"position\":1,\"name\":\"Inici\",\"item\":\"https:\/\/justaenergia.com\/ca\/\"},{\"@type\":\"ListItem\",\"position\":2,\"name\":\"Pol\u00edtica de cookies\"}]},{\"@type\":\"WebSite\",\"@id\":\"https:\/\/justaenergia.com\/ca\/#website\",\"url\":\"https:\/\/justaenergia.com\/ca\/\",\"name\":\"JustaEnergia\",\"description\":\"Optimizaci\u00f3n, Consumo y Ahorro de tu energ\u00eda\",\"publisher\":{\"@id\":\"https:\/\/justaenergia.com\/ca\/#organization\"},\"potentialAction\":[{\"@type\":\"SearchAction\",\"target\":{\"@type\":\"EntryPoint\",\"urlTemplate\":\"https:\/\/justaenergia.com\/ca\/?s={search_term_string}\"},\"query-input\":{\"@type\":\"PropertyValueSpecification\",\"valueRequired\":true,\"valueName\":\"search_term_string\"}}],\"inLanguage\":\"ca\"},{\"@type\":\"Organization\",\"@id\":\"https:\/\/justaenergia.com\/ca\/#organization\",\"name\":\"JustaEnergia\",\"url\":\"https:\/\/justaenergia.com\/ca\/\",\"logo\":{\"@type\":\"ImageObject\",\"inLanguage\":\"ca\",\"@id\":\"https:\/\/justaenergia.com\/ca\/#\/schema\/logo\/image\/\",\"url\":\"https:\/\/justaenergia.com\/wp-content\/uploads\/2019\/08\/logo-justa-energia-gran.svg\",\"contentUrl\":\"https:\/\/justaenergia.com\/wp-content\/uploads\/2019\/08\/logo-justa-energia-gran.svg\",\"width\":1,\"height\":1,\"caption\":\"JustaEnergia\"},\"image\":{\"@id\":\"https:\/\/justaenergia.com\/ca\/#\/schema\/logo\/image\/\"}}]}<\/script>\n<!-- \/ Yoast SEO plugin. -->","yoast_head_json":{"title":"Pol\u00edtica de cookies - JustaEnergia","robots":{"index":"index","follow":"follow","max-snippet":"max-snippet:-1","max-image-preview":"max-image-preview:large","max-video-preview":"max-video-preview:-1"},"canonical":"https:\/\/justaenergia.com\/ca\/politica-de-cookies\/","og_locale":"ca_ES","og_type":"article","og_title":"Pol\u00edtica de cookies - JustaEnergia","og_description":"[vc_row css_animation=&#8221;&#8221; row_type=&#8221;row&#8221; use_row_as_full_screen_section=&#8221;no&#8221; type=&#8221;full_width&#8221; angled_section=&#8221;no&#8221; text_align=&#8221;left&#8221; background_image_as_pattern=&#8221;without_pattern&#8221;][vc_column][vc_column_text] Pol\u00edtica de cookies &nbsp; JustaEnerg\u00eda utilitza cookies a la seva p\u00e0gina web. La cookie \u00e9s un petit arxiu de text que emmagatzema informaci\u00f3 sobre l&#8217;usuari. La cookie emmagatzemada al disc dur del servidor nom\u00e9s pot ser llegida...","og_url":"https:\/\/justaenergia.com\/ca\/politica-de-cookies\/","og_site_name":"JustaEnergia","article_modified_time":"2019-11-30T08:39:51+00:00","twitter_card":"summary_large_image","twitter_misc":{"Temps estimat de lectura":"1 minut"},"schema":{"@context":"https:\/\/schema.org","@graph":[{"@type":"WebPage","@id":"https:\/\/justaenergia.com\/ca\/politica-de-cookies\/","url":"https:\/\/justaenergia.com\/ca\/politica-de-cookies\/","name":"Pol\u00edtica de cookies - JustaEnergia","isPartOf":{"@id":"https:\/\/justaenergia.com\/ca\/#website"},"datePublished":"2019-11-30T07:44:27+00:00","dateModified":"2019-11-30T08:39:51+00:00","breadcrumb":{"@id":"https:\/\/justaenergia.com\/ca\/politica-de-cookies\/#breadcrumb"},"inLanguage":"ca","potentialAction":[{"@type":"ReadAction","target":["https:\/\/justaenergia.com\/ca\/politica-de-cookies\/"]}]},{"@type":"BreadcrumbList","@id":"https:\/\/justaenergia.com\/ca\/politica-de-cookies\/#breadcrumb","itemListElement":[{"@type":"ListItem","position":1,"name":"Inici","item":"https:\/\/justaenergia.com\/ca\/"},{"@type":"ListItem","position":2,"name":"Pol\u00edtica de cookies"}]},{"@type":"WebSite","@id":"https:\/\/justaenergia.com\/ca\/#website","url":"https:\/\/justaenergia.com\/ca\/","name":"JustaEnergia","description":"Optimizaci\u00f3n, Consumo y Ahorro de tu energ\u00eda","publisher":{"@id":"https:\/\/justaenergia.com\/ca\/#organization"},"potentialAction":[{"@type":"SearchAction","target":{"@type":"EntryPoint","urlTemplate":"https:\/\/justaenergia.com\/ca\/?s={search_term_string}"},"query-input":{"@type":"PropertyValueSpecification","valueRequired":true,"valueName":"search_term_string"}}],"inLanguage":"ca"},{"@type":"Organization","@id":"https:\/\/justaenergia.com\/ca\/#organization","name":"JustaEnergia","url":"https:\/\/justaenergia.com\/ca\/","logo":{"@type":"ImageObject","inLanguage":"ca","@id":"https:\/\/justaenergia.com\/ca\/#\/schema\/logo\/image\/","url":"https:\/\/justaenergia.com\/wp-content\/uploads\/2019\/08\/logo-justa-energia-gran.svg","contentUrl":"https:\/\/justaenergia.com\/wp-content\/uploads\/2019\/08\/logo-justa-energia-gran.svg","width":1,"height":1,"caption":"JustaEnergia"},"image":{"@id":"https:\/\/justaenergia.com\/ca\/#\/schema\/logo\/image\/"}}]}},"_links":{"self":[{"href":"https:\/\/justaenergia.com\/ca\/wp-json\/wp\/v2\/pages\/2284","targetHints":{"allow":["GET"]}}],"collection":[{"href":"https:\/\/justaenergia.com\/ca\/wp-json\/wp\/v2\/pages"}],"about":[{"href":"https:\/\/justaenergia.com\/ca\/wp-json\/wp\/v2\/types\/page"}],"author":[{"embeddable":true,"href":"https:\/\/justaenergia.com\/ca\/wp-json\/wp\/v2\/users\/1"}],"replies":[{"embeddable":true,"href":"https:\/\/justaenergia.com\/ca\/wp-json\/wp\/v2\/comments?post=2284"}],"version-history":[{"count":4,"href":"https:\/\/justaenergia.com\/ca\/wp-json\/wp\/v2\/pages\/2284\/revisions"}],"predecessor-version":[{"id":2296,"href":"https:\/\/justaenergia.com\/ca\/wp-json\/wp\/v2\/pages\/2284\/revisions\/2296"}],"wp:attachment":[{"href":"https:\/\/justaenergia.com\/ca\/wp-json\/wp\/v2\/media?parent=2284"}],"curies":[{"name":"wp","href":"https:\/\/api.w.org\/{rel}","templated":true}]}}