{"id":222,"date":"2019-09-03T08:35:24","date_gmt":"2019-09-03T06:35:24","guid":{"rendered":"http:\/\/justaenergia.com\/restyling\/?page_id=222"},"modified":"2019-10-20T17:39:39","modified_gmt":"2019-10-20T15:39:39","slug":"politica-de-privacitat","status":"publish","type":"page","link":"https:\/\/justaenergia.com\/ca\/politica-de-privacitat\/","title":{"rendered":"Pol\u00edtica de privacitat"},"content":{"rendered":"<div class=\"wpb-content-wrapper\"><p>[vc_row css_animation=&#8221;&#8221; row_type=&#8221;row&#8221; use_row_as_full_screen_section=&#8221;no&#8221; type=&#8221;grid&#8221; angled_section=&#8221;no&#8221; text_align=&#8221;left&#8221; background_image_as_pattern=&#8221;without_pattern&#8221;][vc_column][vc_column_text]<\/p>\n<h1>Les seves dades segures<\/h1>\n<p>&nbsp;<\/p>\n<h5>POL\u00cdTICA DE PRIVACITAT<\/h5>\n<p class=\"p1\"><span class=\"s1\">Per donar compliment amb l&#8217; establert en la Llei 34\/2002, d&#8217;11 de juliol, de serveis de la societat de la informaci\u00f3 i de comer\u00e7 electr\u00f2nic, a continuaci\u00f3 s&#8217;indiquen les dades de la informaci\u00f3 general d&#8217;aquest lloc web:<\/span><\/p>\n<p>&nbsp;<\/p>\n<h5>OBJECTE<\/h5>\n<p class=\"p1\"><span class=\"s1\">Aquestes condicions generals (a partir d&#8217;ara, les &#8220;Condicions Generals&#8221;) regulen l&#8217;\u00fas de tots els serveis d&#8217;aquest lloc web (a partir d&#8217;ara &#8220;el Portal&#8221;) que JUSTAENERGIA SL, posa a la disposici\u00f3 dels usuaris d&#8217;Internet. Per la simple utilitzaci\u00f3 del Portal, els usuaris expressen la plena acceptaci\u00f3 de les condicions generals i sense reserves de les mateixes, les quals podran ser modificades per l&#8217;Empresa en qualsevol moment. Els usuaris es veuen aix\u00ed mateix sotmesos a totes aquelles condicions particulars, avisos o reglaments d&#8217;instruccions que es posin en el seu coneixement, en relaci\u00f3 als continguts o serveis concrets, que contemplen all\u00f2 previst en aquestes Condicions Generals sempre i quan no s&#8217;hi oposin.<br \/>\n<\/span><\/p>\n<p>&nbsp;<\/p>\n<h5>EXCLUSI\u00d3 DE RESPONSABILITAT SOBRE LA INFORMACI\u00d3 GR\u00c0FICA DISPONIBLE EN EL PORTAL<b><br \/>\n<\/b><\/h5>\n<p>Tota la documentaci\u00f3 gr\u00e0fica inclosa en aquesta p\u00e0gina web referent a les diferents promocions o b\u00e9ns immobles, \u00e9s merament orientativa i est\u00e0 sotmesa a possibles canvis exigits per l&#8217;evoluci\u00f3 t\u00e8cnica dels projectes i la seva execuci\u00f3. EN CAP CAS AQUESTA INFORMACI\u00d3 CONSTITUEIX DOCUMENT CONTRACTUAL.<\/p>\n<p>JUSTAENERGIA SL es reserva tots els drets per a modificar, limitar o cancel\u00b7lar l&#8217;acc\u00e9s i continguts del web en qualsevol moment, no assumint cap responsabilitat sobre la seva actualitzaci\u00f3. Aix\u00ed mateix, JUSTAENERGIA SL es reserva la facultat d&#8217;efectuar modificacions en la configuraci\u00f3 o presentaci\u00f3 del seu web, podent fer \u00fas de tal facultat sense previ av\u00eds.<\/p>\n<p>&nbsp;<\/p>\n<h5>UTILITZACI\u00d3 DEL PORTAL I DELS SERVEIS PER ALS USUARIS<\/h5>\n<p>Excepte en el cas que hagin obtingut pr\u00e8via i expressa autoritzaci\u00f3 espec\u00edficament atorgada a tal efecte per part de l&#8217;empresa, els usuaris s&#8217;abstindran d&#8217;obtenir o d&#8217;intentar obtenir qualsevol tipus de contingut, ja siguin textos, gr\u00e0fics, dibuixos, arxius de so, imatges o fotografies , v\u00eddeos, programari i en general qualsevol classe de material accessible a trav\u00e9s del Portal o dels serveis utilitzats per ells, per mitjans diferents dels que s&#8217;hagin posat a la seva disposici\u00f3 a aquest efecte o dels que s&#8217;emprin habitualment a aquest efecte en Internet.<\/p>\n<p>La reproducci\u00f3, modificaci\u00f3, c\u00f2pia, \u00fas, distribuci\u00f3, comercialitzaci\u00f3, comunicaci\u00f3 p\u00fablica o qualsevol altra utilitzaci\u00f3 de la informaci\u00f3 continguda al lloc web de JUSTAENERGIA SL (inclosos el seu propi disseny, configuraci\u00f3 i forma d&#8217;exposici\u00f3 del lloc web) que es realitzin sense autoritzaci\u00f3 de JUSTAENERGIA SL constitueix una infracci\u00f3 de la legislaci\u00f3 vigent en mat\u00e8ria de propietat intel\u00b7lectual.<\/p>\n<p>Per facilitar el seu acc\u00e9s, pot ser que JUSTAENERGIA SL inclogui vincles a p\u00e0gines d&#8217; Internet pertanyents o gestionades per tercers. En entrar en aquests llocs, revisar\u00e0 i acceptar\u00e0 vost\u00e8 les normes d&#8217;\u00fas d&#8217;aquesta p\u00e0gina abans d&#8217;utilitzar. Tamb\u00e9 acceptar\u00e0 que JUSTAENERGIA SL no t\u00e9 control algun sobre el contingut d&#8217;aquestes p\u00e0gines i que no pot assumir cap responsabilitat per cap material creat o publicat per aquests. A m\u00e9s, el vincle a un lloc ali\u00e8 a JUSTAENERGIA SL no implica que aprovi aquest lloc ni els productes o serveis als quals fa refer\u00e8ncia.<\/p>\n<p>&nbsp;<\/p>\n<h5>EXCLUSI\u00d3 DE RESPONSABILITAT DELS CONTINGUTS<\/h5>\n<p>L&#8217;empresa no \u00e9s en cap cas responsable, ni de forma directa ni subsidi\u00e0ria, de cap contingut, informaci\u00f3, comunicaci\u00f3, opini\u00f3 o manifestaci\u00f3 de qualsevol tipus que tingui el seu origen en l&#8217;usuari o qualsevol persona o entitat i que es comuniqui, difongui, transmeti o exhibeixi a trav\u00e9s d&#8217;aquest portal.<\/p>\n<p>&nbsp;<\/p>\n<h5>PROPIETAT INTEL\u00b7LECTUAL I INDUSTRIAL<\/h5>\n<p>Tots els continguts aix\u00ed com noms, logos, marques i bases de dades accessibles en les p\u00e0gines web del Portal estan subjectes a drets de propietat industrial i intel\u00b7lectual de l&#8217;empresa o de tercers titulars dels mateixos. En cap cas l&#8217;acc\u00e9s a les p\u00e0gines web del Portal implica cap tipus de ren\u00fancia, transmissi\u00f3 o cessi\u00f3 total o parcial dels esmentats drets, ni confereix cap dret d&#8217;utilitzaci\u00f3, alteraci\u00f3, explotaci\u00f3, reproducci\u00f3, distribuci\u00f3 o comunicaci\u00f3 p\u00fablica sobre els continguts o b\u00e9ns de propietat industrial sense la pr\u00e8via i expressa autoritzaci\u00f3 espec\u00edficament atorgada a aquest efecte per part de l&#8217;empresa o del tercer titular dels drets, excepte els drets de visualitzar i de realitzar c\u00f2pies per a \u00fas personal i exclusiu de l&#8217;usuari, els quals hauran d&#8217;exercir sempre conforme als principis de la bona fe i la legislaci\u00f3 aplicable.<\/p>\n<p>JUSTAENERGIA SL i altres denominacions de productes, serveis, gr\u00e0fics i logotips s\u00f3n marques protegides per JUSTAENERGIA SL. Les denominacions d&#8217;altres productes, serveis i companyies esmentades en aquest document poden ser marques registrades dels seus respectius propietaris.[\/vc_column_text][vc_empty_space][\/vc_column][\/vc_row]<\/p>\n<\/div>","protected":false},"excerpt":{"rendered":"<p>[vc_row css_animation=&#8221;&#8221; row_type=&#8221;row&#8221; use_row_as_full_screen_section=&#8221;no&#8221; type=&#8221;grid&#8221; angled_section=&#8221;no&#8221; text_align=&#8221;left&#8221; background_image_as_pattern=&#8221;without_pattern&#8221;][vc_column][vc_column_text] Les seves dades segures &nbsp; POL\u00cdTICA DE PRIVACITAT Per donar compliment amb l&#8217; establert en la Llei 34\/2002, d&#8217;11 de juliol, de serveis de la societat de la informaci\u00f3 i de comer\u00e7 electr\u00f2nic, a continuaci\u00f3 s&#8217;indiquen les&#8230;<\/p>\n","protected":false},"author":1,"featured_media":0,"parent":0,"menu_order":0,"comment_status":"closed","ping_status":"closed","template":"","meta":{"inline_featured_image":false,"footnotes":""},"class_list":["post-222","page","type-page","status-publish","hentry"],"yoast_head":"<!-- This site is optimized with the Yoast SEO plugin v27.0 - https:\/\/yoast.com\/product\/yoast-seo-wordpress\/ -->\n<title>Pol\u00edtica de privacitat - JustaEnergia<\/title>\n<meta name=\"robots\" content=\"index, follow, max-snippet:-1, max-image-preview:large, max-video-preview:-1\" \/>\n<link rel=\"canonical\" href=\"https:\/\/justaenergia.com\/ca\/politica-de-privacitat\/\" \/>\n<meta property=\"og:locale\" content=\"ca_ES\" \/>\n<meta property=\"og:type\" content=\"article\" \/>\n<meta property=\"og:title\" content=\"Pol\u00edtica de privacitat - JustaEnergia\" \/>\n<meta property=\"og:description\" content=\"[vc_row css_animation=&#8221;&#8221; row_type=&#8221;row&#8221; use_row_as_full_screen_section=&#8221;no&#8221; type=&#8221;grid&#8221; angled_section=&#8221;no&#8221; text_align=&#8221;left&#8221; background_image_as_pattern=&#8221;without_pattern&#8221;][vc_column][vc_column_text] Les seves dades segures &nbsp; POL\u00cdTICA DE PRIVACITAT Per donar compliment amb l&#8217; establert en la Llei 34\/2002, d&#8217;11 de juliol, de serveis de la societat de la informaci\u00f3 i de comer\u00e7 electr\u00f2nic, a continuaci\u00f3 s&#8217;indiquen les...\" \/>\n<meta property=\"og:url\" content=\"https:\/\/justaenergia.com\/ca\/politica-de-privacitat\/\" \/>\n<meta property=\"og:site_name\" content=\"JustaEnergia\" \/>\n<meta property=\"article:modified_time\" content=\"2019-10-20T15:39:39+00:00\" \/>\n<meta name=\"twitter:card\" content=\"summary_large_image\" \/>\n<meta name=\"twitter:label1\" content=\"Temps estimat de lectura\" \/>\n\t<meta name=\"twitter:data1\" content=\"4 minuts\" \/>\n<script type=\"application\/ld+json\" class=\"yoast-schema-graph\">{\"@context\":\"https:\/\/schema.org\",\"@graph\":[{\"@type\":\"WebPage\",\"@id\":\"https:\/\/justaenergia.com\/ca\/politica-de-privacitat\/\",\"url\":\"https:\/\/justaenergia.com\/ca\/politica-de-privacitat\/\",\"name\":\"Pol\u00edtica de privacitat - JustaEnergia\",\"isPartOf\":{\"@id\":\"https:\/\/justaenergia.com\/ca\/#website\"},\"datePublished\":\"2019-09-03T06:35:24+00:00\",\"dateModified\":\"2019-10-20T15:39:39+00:00\",\"breadcrumb\":{\"@id\":\"https:\/\/justaenergia.com\/ca\/politica-de-privacitat\/#breadcrumb\"},\"inLanguage\":\"ca\",\"potentialAction\":[{\"@type\":\"ReadAction\",\"target\":[\"https:\/\/justaenergia.com\/ca\/politica-de-privacitat\/\"]}]},{\"@type\":\"BreadcrumbList\",\"@id\":\"https:\/\/justaenergia.com\/ca\/politica-de-privacitat\/#breadcrumb\",\"itemListElement\":[{\"@type\":\"ListItem\",\"position\":1,\"name\":\"Inici\",\"item\":\"https:\/\/justaenergia.com\/ca\/\"},{\"@type\":\"ListItem\",\"position\":2,\"name\":\"Pol\u00edtica de privacitat\"}]},{\"@type\":\"WebSite\",\"@id\":\"https:\/\/justaenergia.com\/ca\/#website\",\"url\":\"https:\/\/justaenergia.com\/ca\/\",\"name\":\"JustaEnergia\",\"description\":\"Optimizaci\u00f3n, Consumo y Ahorro de tu energ\u00eda\",\"publisher\":{\"@id\":\"https:\/\/justaenergia.com\/ca\/#organization\"},\"potentialAction\":[{\"@type\":\"SearchAction\",\"target\":{\"@type\":\"EntryPoint\",\"urlTemplate\":\"https:\/\/justaenergia.com\/ca\/?s={search_term_string}\"},\"query-input\":{\"@type\":\"PropertyValueSpecification\",\"valueRequired\":true,\"valueName\":\"search_term_string\"}}],\"inLanguage\":\"ca\"},{\"@type\":\"Organization\",\"@id\":\"https:\/\/justaenergia.com\/ca\/#organization\",\"name\":\"JustaEnergia\",\"url\":\"https:\/\/justaenergia.com\/ca\/\",\"logo\":{\"@type\":\"ImageObject\",\"inLanguage\":\"ca\",\"@id\":\"https:\/\/justaenergia.com\/ca\/#\/schema\/logo\/image\/\",\"url\":\"https:\/\/justaenergia.com\/wp-content\/uploads\/2019\/08\/logo-justa-energia-gran.svg\",\"contentUrl\":\"https:\/\/justaenergia.com\/wp-content\/uploads\/2019\/08\/logo-justa-energia-gran.svg\",\"width\":1,\"height\":1,\"caption\":\"JustaEnergia\"},\"image\":{\"@id\":\"https:\/\/justaenergia.com\/ca\/#\/schema\/logo\/image\/\"}}]}<\/script>\n<!-- \/ Yoast SEO plugin. -->","yoast_head_json":{"title":"Pol\u00edtica de privacitat - JustaEnergia","robots":{"index":"index","follow":"follow","max-snippet":"max-snippet:-1","max-image-preview":"max-image-preview:large","max-video-preview":"max-video-preview:-1"},"canonical":"https:\/\/justaenergia.com\/ca\/politica-de-privacitat\/","og_locale":"ca_ES","og_type":"article","og_title":"Pol\u00edtica de privacitat - JustaEnergia","og_description":"[vc_row css_animation=&#8221;&#8221; row_type=&#8221;row&#8221; use_row_as_full_screen_section=&#8221;no&#8221; type=&#8221;grid&#8221; angled_section=&#8221;no&#8221; text_align=&#8221;left&#8221; background_image_as_pattern=&#8221;without_pattern&#8221;][vc_column][vc_column_text] Les seves dades segures &nbsp; POL\u00cdTICA DE PRIVACITAT Per donar compliment amb l&#8217; establert en la Llei 34\/2002, d&#8217;11 de juliol, de serveis de la societat de la informaci\u00f3 i de comer\u00e7 electr\u00f2nic, a continuaci\u00f3 s&#8217;indiquen les...","og_url":"https:\/\/justaenergia.com\/ca\/politica-de-privacitat\/","og_site_name":"JustaEnergia","article_modified_time":"2019-10-20T15:39:39+00:00","twitter_card":"summary_large_image","twitter_misc":{"Temps estimat de lectura":"4 minuts"},"schema":{"@context":"https:\/\/schema.org","@graph":[{"@type":"WebPage","@id":"https:\/\/justaenergia.com\/ca\/politica-de-privacitat\/","url":"https:\/\/justaenergia.com\/ca\/politica-de-privacitat\/","name":"Pol\u00edtica de privacitat - JustaEnergia","isPartOf":{"@id":"https:\/\/justaenergia.com\/ca\/#website"},"datePublished":"2019-09-03T06:35:24+00:00","dateModified":"2019-10-20T15:39:39+00:00","breadcrumb":{"@id":"https:\/\/justaenergia.com\/ca\/politica-de-privacitat\/#breadcrumb"},"inLanguage":"ca","potentialAction":[{"@type":"ReadAction","target":["https:\/\/justaenergia.com\/ca\/politica-de-privacitat\/"]}]},{"@type":"BreadcrumbList","@id":"https:\/\/justaenergia.com\/ca\/politica-de-privacitat\/#breadcrumb","itemListElement":[{"@type":"ListItem","position":1,"name":"Inici","item":"https:\/\/justaenergia.com\/ca\/"},{"@type":"ListItem","position":2,"name":"Pol\u00edtica de privacitat"}]},{"@type":"WebSite","@id":"https:\/\/justaenergia.com\/ca\/#website","url":"https:\/\/justaenergia.com\/ca\/","name":"JustaEnergia","description":"Optimizaci\u00f3n, Consumo y Ahorro de tu energ\u00eda","publisher":{"@id":"https:\/\/justaenergia.com\/ca\/#organization"},"potentialAction":[{"@type":"SearchAction","target":{"@type":"EntryPoint","urlTemplate":"https:\/\/justaenergia.com\/ca\/?s={search_term_string}"},"query-input":{"@type":"PropertyValueSpecification","valueRequired":true,"valueName":"search_term_string"}}],"inLanguage":"ca"},{"@type":"Organization","@id":"https:\/\/justaenergia.com\/ca\/#organization","name":"JustaEnergia","url":"https:\/\/justaenergia.com\/ca\/","logo":{"@type":"ImageObject","inLanguage":"ca","@id":"https:\/\/justaenergia.com\/ca\/#\/schema\/logo\/image\/","url":"https:\/\/justaenergia.com\/wp-content\/uploads\/2019\/08\/logo-justa-energia-gran.svg","contentUrl":"https:\/\/justaenergia.com\/wp-content\/uploads\/2019\/08\/logo-justa-energia-gran.svg","width":1,"height":1,"caption":"JustaEnergia"},"image":{"@id":"https:\/\/justaenergia.com\/ca\/#\/schema\/logo\/image\/"}}]}},"_links":{"self":[{"href":"https:\/\/justaenergia.com\/ca\/wp-json\/wp\/v2\/pages\/222","targetHints":{"allow":["GET"]}}],"collection":[{"href":"https:\/\/justaenergia.com\/ca\/wp-json\/wp\/v2\/pages"}],"about":[{"href":"https:\/\/justaenergia.com\/ca\/wp-json\/wp\/v2\/types\/page"}],"author":[{"embeddable":true,"href":"https:\/\/justaenergia.com\/ca\/wp-json\/wp\/v2\/users\/1"}],"replies":[{"embeddable":true,"href":"https:\/\/justaenergia.com\/ca\/wp-json\/wp\/v2\/comments?post=222"}],"version-history":[{"count":8,"href":"https:\/\/justaenergia.com\/ca\/wp-json\/wp\/v2\/pages\/222\/revisions"}],"predecessor-version":[{"id":1354,"href":"https:\/\/justaenergia.com\/ca\/wp-json\/wp\/v2\/pages\/222\/revisions\/1354"}],"wp:attachment":[{"href":"https:\/\/justaenergia.com\/ca\/wp-json\/wp\/v2\/media?parent=222"}],"curies":[{"name":"wp","href":"https:\/\/api.w.org\/{rel}","templated":true}]}}