{"id":163,"date":"2019-09-01T14:53:52","date_gmt":"2019-09-01T12:53:52","guid":{"rendered":"http:\/\/justaenergia.com\/restyling\/?page_id=163"},"modified":"2023-04-14T10:33:54","modified_gmt":"2023-04-14T08:33:54","slug":"qui-som","status":"publish","type":"page","link":"https:\/\/justaenergia.com\/ca\/qui-som\/","title":{"rendered":"Qui som"},"content":{"rendered":"<div class=\"wpb-content-wrapper\"><p>[vc_row css_animation=&#8221;&#8221; row_type=&#8221;row&#8221; use_row_as_full_screen_section=&#8221;no&#8221; type=&#8221;grid&#8221; angled_section=&#8221;no&#8221; text_align=&#8221;left&#8221; background_image_as_pattern=&#8221;without_pattern&#8221;][vc_column][vc_empty_space height=&#8221;64px&#8221;][vc_column_text]<\/p>\n<p style=\"font-size: 30px; line-height: 42px;\"><span style=\"color: #808080;\"><strong>JustaEnergia<\/strong><\/span> \u00e9s una empresa que neix a Barcelona l\u2019any 2012 en ple moment de canvi social i econ\u00f2mic en qu\u00e8 la gesti\u00f3 dels recursos mediambientals, principalment l\u2019energia, \u00e9s un factor determinant.<\/p>\n<p>[\/vc_column_text][vc_empty_space height=&#8221;64px&#8221;][\/vc_column][\/vc_row][vc_row css_animation=&#8221;&#8221; row_type=&#8221;row&#8221; use_row_as_full_screen_section=&#8221;no&#8221; type=&#8221;full_width&#8221; angled_section=&#8221;no&#8221; text_align=&#8221;left&#8221; background_image_as_pattern=&#8221;without_pattern&#8221;][vc_column css=&#8221;.vc_custom_1681461229469{background-image: url(https:\/\/justaenergia.com\/wp-content\/uploads\/2023\/04\/JustaEnergia_0514-3-scaled.jpg?id=3392) !important;background-position: center !important;background-repeat: no-repeat !important;background-size: cover !important;}&#8221;][vc_empty_space height=&#8221;500px&#8221;][\/vc_column][\/vc_row][vc_row css_animation=&#8221;&#8221; row_type=&#8221;row&#8221; use_row_as_full_screen_section=&#8221;no&#8221; type=&#8221;grid&#8221; angled_section=&#8221;no&#8221; text_align=&#8221;left&#8221; background_image_as_pattern=&#8221;without_pattern&#8221;][vc_column][vc_empty_space][vc_column_text]<\/p>\n<p style=\"font-size: 30px; line-height: 42px;\">Conscients de la creixent necessitat d\u2019empreses i societat en general per optimitzar els consums energ\u00e8tics de la seva activitat, els enginyers t\u00e8cnics Ra\u00fal Alonso i Lluis Vicente van fundar <span style=\"color: #808080;\"><strong>JustaEnergia<\/strong><\/span>.<\/p>\n<p>[\/vc_column_text][vc_empty_space][\/vc_column][\/vc_row][vc_row css_animation=&#8221;element_from_bottom&#8221; row_type=&#8221;row&#8221; use_row_as_full_screen_section=&#8221;no&#8221; type=&#8221;full_width&#8221; angled_section=&#8221;no&#8221; text_align=&#8221;left&#8221; background_image_as_pattern=&#8221;without_pattern&#8221; transition_delay=&#8221;0.5&#8243; css=&#8221;.vc_custom_1567610850858{background-position: center !important;background-repeat: no-repeat !important;background-size: contain !important;}&#8221;][vc_column css=&#8221;.vc_custom_1574934907210{background-image: url(http:\/\/justaenergia.com\/wp-content\/uploads\/2019\/11\/trama-verde-ok.svg?id=2133) !important;background-position: 0 0 !important;background-repeat: repeat !important;}&#8221;][vc_empty_space height=&#8221;128px&#8221;][vc_row_inner row_type=&#8221;row&#8221; type=&#8221;full_width&#8221; text_align=&#8221;left&#8221; css_animation=&#8221;element_from_bottom&#8221; transition_delay=&#8221;.5&#8243;][vc_column_inner width=&#8221;1\/6&#8243;][\/vc_column_inner][vc_column_inner width=&#8221;2\/6&#8243;][vc_column_text el_class=&#8221;Texto1&#8243; css=&#8221;.vc_custom_1573654298142{background-color: #ffffff !important;}&#8221;]Els dos socis, formats a la Universitat de Barcelona (IL3) i amb un M\u00e0ster en Gesti\u00f3 de l\u2019Efici\u00e8ncia Energ\u00e8tica, tenen una dilatada experi\u00e8ncia en el sector de les instal\u00b7lacions integrals i la gesti\u00f3 energ\u00e8tica en edificis.<\/p>\n<p>&nbsp;<\/p>\n<p><span class='q_social_icon_holder circle_social' data-color=#ffffff data-hover-color=#ffffff><a itemprop='url' href='https:\/\/www.linkedin.com\/in\/rauljustaenergia\/' target='_blank'><span class='fa-stack fa-lg' style='background-color: #1a7eb0;margin: 10;font-size: 10px;'><i class=\"qode_icon_font_awesome fa fa-linkedin \" style=\"color: #ffffff;font-size: 10px;\" ><\/i><\/span><\/a><\/span> <a style=\"position: relative; top: 3px;\" href=\"https:\/\/www.linkedin.com\/in\/rauljustaenergia\/\" target=\"_blank\" rel=\"noopener noreferrer\">Ra\u00fal Alonso<\/a> <span style=\"margin-left: 30px;\"><span class='q_social_icon_holder circle_social' data-color=#ffffff data-hover-color=#ffffff><a itemprop='url' href='https:\/\/www.linkedin.com\/in\/lluisvicente' target='_blank'><span class='fa-stack fa-lg' style='background-color: #1a7eb0;margin: 5;font-size: 10px;'><i class=\"qode_icon_font_awesome fa fa-linkedin \" style=\"color: #ffffff;font-size: 10px;\" ><\/i><\/span><\/a><\/span> <a style=\"position: relative; top: 3px;\" href=\"https:\/\/www.linkedin.com\/in\/lluisvicente\" target=\"_blank\" rel=\"noopener noreferrer\">Llu\u00eds Vicente<\/a><\/span>[\/vc_column_text][\/vc_column_inner][vc_column_inner width=&#8221;2\/6&#8243;][vc_empty_space height=&#8221;128px&#8221;][vc_single_image image=&#8221;175&#8243; img_size=&#8221;full&#8221; alignment=&#8221;right&#8221; qode_css_animation=&#8221;&#8221;][vc_empty_space height=&#8221;128px&#8221;][\/vc_column_inner][vc_column_inner width=&#8221;1\/6&#8243;][\/vc_column_inner][\/vc_row_inner][vc_empty_space height=&#8221;128px&#8221;][vc_row_inner row_type=&#8221;row&#8221; type=&#8221;full_width&#8221; text_align=&#8221;left&#8221; css_animation=&#8221;element_from_bottom&#8221; transition_delay=&#8221;.5&#8243;][vc_column_inner width=&#8221;1\/6&#8243;][\/vc_column_inner][vc_column_inner width=&#8221;2\/6&#8243; css=&#8221;.vc_custom_1567489980778{padding-right: 50px !important;padding-left: 50px !important;}&#8221;][vc_single_image image=&#8221;3395&#8243; img_size=&#8221;full&#8221; alignment=&#8221;right&#8221; qode_css_animation=&#8221;&#8221;][vc_column_text el_class=&#8221;Texto2&#8243; css=&#8221;.vc_custom_1572873585305{background-color: #ffffff !important;}&#8221;]<\/p>\n<h3><strong>Oficina t\u00e8cnica<\/strong><\/h3>\n<p>&nbsp;<\/p>\n<p>Un equip expert estudia les millors opcions de contracte, pot\u00e8ncia i tarifes per assegurar el subministrament necessari al m\u00ednim cost i s\u2019encarrega de fer totes les gestions necess\u00e0ries.[\/vc_column_text][\/vc_column_inner][vc_column_inner width=&#8221;2\/6&#8243; css=&#8221;.vc_custom_1567489987481{padding-right: 50px !important;padding-left: 50px !important;}&#8221;][vc_column_text el_class=&#8221;Texto3&#8243; css=&#8221;.vc_custom_1568976106573{background-color: #ffffff !important;}&#8221;]<\/p>\n<h3><strong>Solucions energ\u00e8tiques<\/strong><\/h3>\n<p>&nbsp;<\/p>\n<p>El departament, format en major part per enginyers, s\u2019encarrega de fer els projectes, dur-los a terme i planificar totes les tasques necess\u00e0ries per resoldre les necessitats dels nostres clients amb les solucions m\u00e9s avan\u00e7ades[\/vc_column_text][vc_single_image image=&#8221;195&#8243; img_size=&#8221;full&#8221; alignment=&#8221;right&#8221; qode_css_animation=&#8221;&#8221; el_class=&#8221;Foto3&#8243;][\/vc_column_inner][vc_column_inner width=&#8221;1\/6&#8243;][\/vc_column_inner][\/vc_row_inner][vc_empty_space height=&#8221;128px&#8221;][vc_row_inner row_type=&#8221;row&#8221; type=&#8221;full_width&#8221; text_align=&#8221;left&#8221; css_animation=&#8221;element_from_bottom&#8221; transition_delay=&#8221;.5&#8243;][vc_column_inner width=&#8221;1\/6&#8243;][\/vc_column_inner][vc_column_inner width=&#8221;2\/6&#8243; css=&#8221;.vc_custom_1567489980778{padding-right: 50px !important;padding-left: 50px !important;}&#8221;][vc_single_image image=&#8221;3397&#8243; img_size=&#8221;full&#8221; alignment=&#8221;right&#8221; qode_css_animation=&#8221;&#8221;][vc_column_text el_class=&#8221;Texto2&#8243; css=&#8221;.vc_custom_1572873598268{background-color: #ffffff !important;}&#8221;]<\/p>\n<h3><strong>Equip de camp<\/strong><\/h3>\n<p>&nbsp;<\/p>\n<p>Instaladors professionals experts en materialitzar els projectes per a construir i mantenir instal\u00b7lacions impecables, equips eficients i sistemes de generaci\u00f3 d&#8217;energia neta.[\/vc_column_text][\/vc_column_inner][vc_column_inner width=&#8221;2\/6&#8243; css=&#8221;.vc_custom_1580233106761{padding-right: 50px !important;padding-left: 50px !important;}&#8221;][vc_column_text el_class=&#8221;Texto2&#8243; css=&#8221;.vc_custom_1580233528984{background-color: #ffffff !important;}&#8221;]<\/p>\n<p>&nbsp;<\/p>\n<p>Comptem amb la for\u00e7a de CanCet per a instal\u00b7lar equips de generaci\u00f3 d&#8217;energia renovable.<\/p>\n<p>&nbsp;<\/p>\n<p>&nbsp;<\/p>\n<p>&nbsp;<\/p>\n<p>&nbsp;<\/p>\n<p>&nbsp;<\/p>\n<p>[\/vc_column_text][vc_single_image image=&#8221;2449&#8243; img_size=&#8221;full&#8221; alignment=&#8221;right&#8221; qode_css_animation=&#8221;&#8221; el_class=&#8221;Foto3&#8243;][\/vc_column_inner][vc_column_inner width=&#8221;1\/6&#8243;][\/vc_column_inner][\/vc_row_inner][vc_empty_space][\/vc_column][\/vc_row][vc_row css_animation=&#8221;&#8221; row_type=&#8221;row&#8221; use_row_as_full_screen_section=&#8221;no&#8221; type=&#8221;full_width&#8221; angled_section=&#8221;no&#8221; text_align=&#8221;left&#8221; background_image_as_pattern=&#8221;without_pattern&#8221;][vc_column][vc_column_text]<\/p>\n<p>[\/vc_column_text][\/vc_column][\/vc_row][vc_row css_animation=&#8221;&#8221; row_type=&#8221;row&#8221; use_row_as_full_screen_section=&#8221;no&#8221; type=&#8221;grid&#8221; angled_section=&#8221;no&#8221; text_align=&#8221;left&#8221; background_image_as_pattern=&#8221;without_pattern&#8221; css=&#8221;.vc_custom_1568976175040{background-color: #ccd319 !important;}&#8221;][vc_column][vc_empty_space][vc_column_text]<\/p>\n<h2 style=\"text-align: center;\">Amb qui voleu parlar?<\/h2>\n<p>[\/vc_column_text][vc_empty_space][vc_row_inner row_type=&#8221;row&#8221; type=&#8221;full_width&#8221; text_align=&#8221;left&#8221; css_animation=&#8221;&#8221;][vc_column_inner width=&#8221;1\/3&#8243; css=&#8221;.vc_custom_1567491252043{padding-right: 32px !important;padding-left: 32px !important;}&#8221;][\/vc_column_inner][vc_column_inner width=&#8221;1\/3&#8243; css=&#8221;.vc_custom_1573032418149{padding-left: 10px !important;}&#8221;][vc_column_text css=&#8221;.vc_custom_1574935985366{padding-left: 20px !important;}&#8221;]<\/p>\n<h4 style=\"text-align: center;\">Contacteu amb nosaltres<\/h4>\n<p style=\"font-size: 2em; text-align: center;\"><a href=\"\/contacte\/\"><img decoding=\"async\" class=\"size-full wp-image-44 aligncenter\" src=\"http:\/\/justaenergia.com\/wp-content\/uploads\/2019\/08\/flecha-derecha.svg\" alt=\"\" \/><\/a><\/p>\n<p>[\/vc_column_text][\/vc_column_inner][vc_column_inner width=&#8221;1\/3&#8243;][\/vc_column_inner][\/vc_row_inner][vc_empty_space height=&#8221;64px&#8221;][\/vc_column][\/vc_row][vc_row css_animation=&#8221;&#8221; row_type=&#8221;row&#8221; use_row_as_full_screen_section=&#8221;no&#8221; type=&#8221;grid&#8221; angled_section=&#8221;no&#8221; text_align=&#8221;left&#8221; background_image_as_pattern=&#8221;without_pattern&#8221;][vc_column][vc_empty_space height=&#8221;64px&#8221;][vc_column_text]<\/p>\n<p style=\"font-size: 30px; line-height: 42px;\">Som una empresa jove i din\u00e0mica, en ple creixement. Treballem desenvolupant projectes innovadors per contribuir a la competitivitat d\u2019empreses i institucions amb solucions d\u2019efici\u00e8ncia energ\u00e8tica i tecnologies avan\u00e7ades. Ens mou la possibilitat de transformar la manera com consumim l\u2019energia per a arribar a un model de fonts netes, a l\u2019abast de tothom, per a viure millor.<\/p>\n<p>[\/vc_column_text][vc_empty_space height=&#8221;64px&#8221;][\/vc_column][\/vc_row][vc_row css_animation=&#8221;&#8221; row_type=&#8221;row&#8221; use_row_as_full_screen_section=&#8221;no&#8221; type=&#8221;full_width&#8221; angled_section=&#8221;no&#8221; text_align=&#8221;left&#8221; background_image_as_pattern=&#8221;without_pattern&#8221;][vc_column][vc_empty_space height=&#8221;64px&#8221;][vc_row_inner row_type=&#8221;row&#8221; type=&#8221;full_width&#8221; text_align=&#8221;left&#8221; css_animation=&#8221;&#8221;][vc_column_inner width=&#8221;1\/3&#8243;][vc_column_text]<\/p>\n<p style=\"font-size: 30px; line-height: 42px; text-align: center;\">Som membres de:<\/p>\n<p>[\/vc_column_text][\/vc_column_inner][vc_column_inner width=&#8221;1\/6&#8243;][vc_single_image image=&#8221;2422&#8243; img_size=&#8221;full&#8221; qode_css_animation=&#8221;&#8221;][\/vc_column_inner][vc_column_inner width=&#8221;1\/6&#8243;][vc_single_image image=&#8221;2435&#8243; img_size=&#8221;full&#8221; qode_css_animation=&#8221;&#8221;][\/vc_column_inner][vc_column_inner width=&#8221;1\/6&#8243;][vc_single_image image=&#8221;2437&#8243; img_size=&#8221;full&#8221; qode_css_animation=&#8221;&#8221;][\/vc_column_inner][\/vc_row_inner][vc_empty_space height=&#8221;64px&#8221;][vc_separator type=&#8221;normal&#8221; color=&#8221;#1a7eb0&#8243;][vc_row_inner row_type=&#8221;row&#8221; type=&#8221;full_width&#8221; text_align=&#8221;left&#8221; css_animation=&#8221;&#8221;][vc_column_inner width=&#8221;1\/3&#8243;][vc_column_text]<\/p>\n<p style=\"font-size: 30px; line-height: 42px; text-align: center;\">Estems certificats per:<\/p>\n<p>[\/vc_column_text][\/vc_column_inner][\/vc_row_inner][vc_empty_space height=&#8221;12px&#8221;][vc_row_inner row_type=&#8221;row&#8221; type=&#8221;full_width&#8221; text_align=&#8221;left&#8221; css_animation=&#8221;&#8221;][vc_column_inner width=&#8221;1\/6&#8243;][\/vc_column_inner][vc_column_inner width=&#8221;1\/6&#8243;][vc_single_image image=&#8221;2625&#8243; img_size=&#8221;full&#8221; alignment=&#8221;center&#8221; qode_css_animation=&#8221;&#8221; css=&#8221;.vc_custom_1612699692284{padding-top: 3px !important;padding-right: 3px !important;padding-bottom: 3px !important;padding-left: 3px !important;}&#8221;][\/vc_column_inner][vc_column_inner width=&#8221;1\/6&#8243;][vc_single_image image=&#8221;2635&#8243; img_size=&#8221;full&#8221; alignment=&#8221;center&#8221; qode_css_animation=&#8221;&#8221;][\/vc_column_inner][vc_column_inner width=&#8221;1\/6&#8243;][vc_single_image image=&#8221;2633&#8243; img_size=&#8221;full&#8221; alignment=&#8221;center&#8221; qode_css_animation=&#8221;&#8221;][\/vc_column_inner][vc_column_inner width=&#8221;1\/6&#8243;][vc_single_image image=&#8221;2631&#8243; img_size=&#8221;full&#8221; alignment=&#8221;center&#8221; qode_css_animation=&#8221;&#8221;][\/vc_column_inner][vc_column_inner width=&#8221;1\/6&#8243;][\/vc_column_inner][\/vc_row_inner][vc_empty_space height=&#8221;34px&#8221;][vc_row_inner row_type=&#8221;row&#8221; type=&#8221;full_width&#8221; text_align=&#8221;left&#8221; css_animation=&#8221;&#8221;][vc_column_inner width=&#8221;1\/6&#8243;][\/vc_column_inner][vc_column_inner width=&#8221;1\/6&#8243;][vc_single_image image=&#8221;2641&#8243; img_size=&#8221;full&#8221; alignment=&#8221;center&#8221; qode_css_animation=&#8221;&#8221; css=&#8221;.vc_custom_1612699780299{padding-top: 3px !important;padding-right: 3px !important;padding-bottom: 3px !important;padding-left: 3px !important;}&#8221;][\/vc_column_inner][vc_column_inner width=&#8221;1\/6&#8243;][vc_single_image image=&#8221;2639&#8243; img_size=&#8221;full&#8221; alignment=&#8221;center&#8221; qode_css_animation=&#8221;&#8221;][\/vc_column_inner][vc_column_inner width=&#8221;1\/6&#8243;][vc_single_image image=&#8221;2677&#8243; img_size=&#8221;full&#8221; alignment=&#8221;center&#8221; qode_css_animation=&#8221;&#8221;][\/vc_column_inner][vc_column_inner width=&#8221;1\/6&#8243;][vc_single_image image=&#8221;2644&#8243; img_size=&#8221;full&#8221; alignment=&#8221;center&#8221; qode_css_animation=&#8221;&#8221;][\/vc_column_inner][vc_column_inner width=&#8221;1\/6&#8243;][\/vc_column_inner][\/vc_row_inner][\/vc_column][\/vc_row][vc_row css_animation=&#8221;&#8221; row_type=&#8221;row&#8221; use_row_as_full_screen_section=&#8221;no&#8221; type=&#8221;grid&#8221; angled_section=&#8221;no&#8221; text_align=&#8221;left&#8221; background_image_as_pattern=&#8221;without_pattern&#8221; css=&#8221;.vc_custom_1567491192718{background-color: #67c4dd !important;}&#8221;][vc_column][vc_empty_space][vc_empty_space][\/vc_column][\/vc_row]<\/p>\n<\/div>","protected":false},"excerpt":{"rendered":"<p>[vc_row css_animation=&#8221;&#8221; row_type=&#8221;row&#8221; use_row_as_full_screen_section=&#8221;no&#8221; type=&#8221;grid&#8221; angled_section=&#8221;no&#8221; text_align=&#8221;left&#8221; background_image_as_pattern=&#8221;without_pattern&#8221;][vc_column][vc_empty_space height=&#8221;64px&#8221;][vc_column_text] JustaEnergia \u00e9s una empresa que neix a Barcelona l\u2019any 2012 en ple moment de canvi social i econ\u00f2mic en qu\u00e8 la gesti\u00f3 dels recursos mediambientals, principalment l\u2019energia, \u00e9s un factor determinant. [\/vc_column_text][vc_empty_space height=&#8221;64px&#8221;][\/vc_column][\/vc_row][vc_row css_animation=&#8221;&#8221; row_type=&#8221;row&#8221; use_row_as_full_screen_section=&#8221;no&#8221;&#8230;<\/p>\n","protected":false},"author":1,"featured_media":0,"parent":0,"menu_order":0,"comment_status":"closed","ping_status":"closed","template":"full_width.php","meta":{"inline_featured_image":false,"footnotes":""},"class_list":["post-163","page","type-page","status-publish","hentry"],"yoast_head":"<!-- This site is optimized with the Yoast SEO plugin v27.0 - https:\/\/yoast.com\/product\/yoast-seo-wordpress\/ -->\n<title>Qui som - JustaEnergia<\/title>\n<meta name=\"robots\" content=\"index, follow, max-snippet:-1, max-image-preview:large, max-video-preview:-1\" \/>\n<link rel=\"canonical\" href=\"https:\/\/justaenergia.com\/ca\/qui-som\/\" \/>\n<meta property=\"og:locale\" content=\"ca_ES\" \/>\n<meta property=\"og:type\" content=\"article\" \/>\n<meta property=\"og:title\" content=\"Qui som - JustaEnergia\" \/>\n<meta property=\"og:description\" content=\"[vc_row css_animation=&#8221;&#8221; row_type=&#8221;row&#8221; use_row_as_full_screen_section=&#8221;no&#8221; type=&#8221;grid&#8221; angled_section=&#8221;no&#8221; text_align=&#8221;left&#8221; background_image_as_pattern=&#8221;without_pattern&#8221;][vc_column][vc_empty_space height=&#8221;64px&#8221;][vc_column_text] JustaEnergia \u00e9s una empresa que neix a Barcelona l\u2019any 2012 en ple moment de canvi social i econ\u00f2mic en qu\u00e8 la gesti\u00f3 dels recursos mediambientals, principalment l\u2019energia, \u00e9s un factor determinant. [\/vc_column_text][vc_empty_space height=&#8221;64px&#8221;][\/vc_column][\/vc_row][vc_row css_animation=&#8221;&#8221; row_type=&#8221;row&#8221; use_row_as_full_screen_section=&#8221;no&#8221;...\" \/>\n<meta property=\"og:url\" content=\"https:\/\/justaenergia.com\/ca\/qui-som\/\" \/>\n<meta property=\"og:site_name\" content=\"JustaEnergia\" \/>\n<meta property=\"article:modified_time\" content=\"2023-04-14T08:33:54+00:00\" \/>\n<meta property=\"og:image\" content=\"http:\/\/justaenergia.com\/wp-content\/uploads\/2019\/08\/flecha-derecha.svg\" \/>\n<meta name=\"twitter:card\" content=\"summary_large_image\" \/>\n<meta name=\"twitter:label1\" content=\"Temps estimat de lectura\" \/>\n\t<meta name=\"twitter:data1\" content=\"3 minuts\" \/>\n<script type=\"application\/ld+json\" class=\"yoast-schema-graph\">{\"@context\":\"https:\/\/schema.org\",\"@graph\":[{\"@type\":\"WebPage\",\"@id\":\"https:\/\/justaenergia.com\/ca\/qui-som\/\",\"url\":\"https:\/\/justaenergia.com\/ca\/qui-som\/\",\"name\":\"Qui som - JustaEnergia\",\"isPartOf\":{\"@id\":\"https:\/\/justaenergia.com\/ca\/#website\"},\"primaryImageOfPage\":{\"@id\":\"https:\/\/justaenergia.com\/ca\/qui-som\/#primaryimage\"},\"image\":{\"@id\":\"https:\/\/justaenergia.com\/ca\/qui-som\/#primaryimage\"},\"thumbnailUrl\":\"http:\/\/justaenergia.com\/wp-content\/uploads\/2019\/08\/flecha-derecha.svg\",\"datePublished\":\"2019-09-01T12:53:52+00:00\",\"dateModified\":\"2023-04-14T08:33:54+00:00\",\"breadcrumb\":{\"@id\":\"https:\/\/justaenergia.com\/ca\/qui-som\/#breadcrumb\"},\"inLanguage\":\"ca\",\"potentialAction\":[{\"@type\":\"ReadAction\",\"target\":[\"https:\/\/justaenergia.com\/ca\/qui-som\/\"]}]},{\"@type\":\"ImageObject\",\"inLanguage\":\"ca\",\"@id\":\"https:\/\/justaenergia.com\/ca\/qui-som\/#primaryimage\",\"url\":\"http:\/\/justaenergia.com\/wp-content\/uploads\/2019\/08\/flecha-derecha.svg\",\"contentUrl\":\"http:\/\/justaenergia.com\/wp-content\/uploads\/2019\/08\/flecha-derecha.svg\"},{\"@type\":\"BreadcrumbList\",\"@id\":\"https:\/\/justaenergia.com\/ca\/qui-som\/#breadcrumb\",\"itemListElement\":[{\"@type\":\"ListItem\",\"position\":1,\"name\":\"Inici\",\"item\":\"https:\/\/justaenergia.com\/ca\/\"},{\"@type\":\"ListItem\",\"position\":2,\"name\":\"Qui som\"}]},{\"@type\":\"WebSite\",\"@id\":\"https:\/\/justaenergia.com\/ca\/#website\",\"url\":\"https:\/\/justaenergia.com\/ca\/\",\"name\":\"JustaEnergia\",\"description\":\"Optimizaci\u00f3n, Consumo y Ahorro de tu energ\u00eda\",\"publisher\":{\"@id\":\"https:\/\/justaenergia.com\/ca\/#organization\"},\"potentialAction\":[{\"@type\":\"SearchAction\",\"target\":{\"@type\":\"EntryPoint\",\"urlTemplate\":\"https:\/\/justaenergia.com\/ca\/?s={search_term_string}\"},\"query-input\":{\"@type\":\"PropertyValueSpecification\",\"valueRequired\":true,\"valueName\":\"search_term_string\"}}],\"inLanguage\":\"ca\"},{\"@type\":\"Organization\",\"@id\":\"https:\/\/justaenergia.com\/ca\/#organization\",\"name\":\"JustaEnergia\",\"url\":\"https:\/\/justaenergia.com\/ca\/\",\"logo\":{\"@type\":\"ImageObject\",\"inLanguage\":\"ca\",\"@id\":\"https:\/\/justaenergia.com\/ca\/#\/schema\/logo\/image\/\",\"url\":\"https:\/\/justaenergia.com\/wp-content\/uploads\/2019\/08\/logo-justa-energia-gran.svg\",\"contentUrl\":\"https:\/\/justaenergia.com\/wp-content\/uploads\/2019\/08\/logo-justa-energia-gran.svg\",\"width\":1,\"height\":1,\"caption\":\"JustaEnergia\"},\"image\":{\"@id\":\"https:\/\/justaenergia.com\/ca\/#\/schema\/logo\/image\/\"}}]}<\/script>\n<!-- \/ Yoast SEO plugin. -->","yoast_head_json":{"title":"Qui som - JustaEnergia","robots":{"index":"index","follow":"follow","max-snippet":"max-snippet:-1","max-image-preview":"max-image-preview:large","max-video-preview":"max-video-preview:-1"},"canonical":"https:\/\/justaenergia.com\/ca\/qui-som\/","og_locale":"ca_ES","og_type":"article","og_title":"Qui som - JustaEnergia","og_description":"[vc_row css_animation=&#8221;&#8221; row_type=&#8221;row&#8221; use_row_as_full_screen_section=&#8221;no&#8221; type=&#8221;grid&#8221; angled_section=&#8221;no&#8221; text_align=&#8221;left&#8221; background_image_as_pattern=&#8221;without_pattern&#8221;][vc_column][vc_empty_space height=&#8221;64px&#8221;][vc_column_text] JustaEnergia \u00e9s una empresa que neix a Barcelona l\u2019any 2012 en ple moment de canvi social i econ\u00f2mic en qu\u00e8 la gesti\u00f3 dels recursos mediambientals, principalment l\u2019energia, \u00e9s un factor determinant. [\/vc_column_text][vc_empty_space height=&#8221;64px&#8221;][\/vc_column][\/vc_row][vc_row css_animation=&#8221;&#8221; row_type=&#8221;row&#8221; use_row_as_full_screen_section=&#8221;no&#8221;...","og_url":"https:\/\/justaenergia.com\/ca\/qui-som\/","og_site_name":"JustaEnergia","article_modified_time":"2023-04-14T08:33:54+00:00","og_image":[{"url":"http:\/\/justaenergia.com\/wp-content\/uploads\/2019\/08\/flecha-derecha.svg","type":"","width":"","height":""}],"twitter_card":"summary_large_image","twitter_misc":{"Temps estimat de lectura":"3 minuts"},"schema":{"@context":"https:\/\/schema.org","@graph":[{"@type":"WebPage","@id":"https:\/\/justaenergia.com\/ca\/qui-som\/","url":"https:\/\/justaenergia.com\/ca\/qui-som\/","name":"Qui som - JustaEnergia","isPartOf":{"@id":"https:\/\/justaenergia.com\/ca\/#website"},"primaryImageOfPage":{"@id":"https:\/\/justaenergia.com\/ca\/qui-som\/#primaryimage"},"image":{"@id":"https:\/\/justaenergia.com\/ca\/qui-som\/#primaryimage"},"thumbnailUrl":"http:\/\/justaenergia.com\/wp-content\/uploads\/2019\/08\/flecha-derecha.svg","datePublished":"2019-09-01T12:53:52+00:00","dateModified":"2023-04-14T08:33:54+00:00","breadcrumb":{"@id":"https:\/\/justaenergia.com\/ca\/qui-som\/#breadcrumb"},"inLanguage":"ca","potentialAction":[{"@type":"ReadAction","target":["https:\/\/justaenergia.com\/ca\/qui-som\/"]}]},{"@type":"ImageObject","inLanguage":"ca","@id":"https:\/\/justaenergia.com\/ca\/qui-som\/#primaryimage","url":"http:\/\/justaenergia.com\/wp-content\/uploads\/2019\/08\/flecha-derecha.svg","contentUrl":"http:\/\/justaenergia.com\/wp-content\/uploads\/2019\/08\/flecha-derecha.svg"},{"@type":"BreadcrumbList","@id":"https:\/\/justaenergia.com\/ca\/qui-som\/#breadcrumb","itemListElement":[{"@type":"ListItem","position":1,"name":"Inici","item":"https:\/\/justaenergia.com\/ca\/"},{"@type":"ListItem","position":2,"name":"Qui som"}]},{"@type":"WebSite","@id":"https:\/\/justaenergia.com\/ca\/#website","url":"https:\/\/justaenergia.com\/ca\/","name":"JustaEnergia","description":"Optimizaci\u00f3n, Consumo y Ahorro de tu energ\u00eda","publisher":{"@id":"https:\/\/justaenergia.com\/ca\/#organization"},"potentialAction":[{"@type":"SearchAction","target":{"@type":"EntryPoint","urlTemplate":"https:\/\/justaenergia.com\/ca\/?s={search_term_string}"},"query-input":{"@type":"PropertyValueSpecification","valueRequired":true,"valueName":"search_term_string"}}],"inLanguage":"ca"},{"@type":"Organization","@id":"https:\/\/justaenergia.com\/ca\/#organization","name":"JustaEnergia","url":"https:\/\/justaenergia.com\/ca\/","logo":{"@type":"ImageObject","inLanguage":"ca","@id":"https:\/\/justaenergia.com\/ca\/#\/schema\/logo\/image\/","url":"https:\/\/justaenergia.com\/wp-content\/uploads\/2019\/08\/logo-justa-energia-gran.svg","contentUrl":"https:\/\/justaenergia.com\/wp-content\/uploads\/2019\/08\/logo-justa-energia-gran.svg","width":1,"height":1,"caption":"JustaEnergia"},"image":{"@id":"https:\/\/justaenergia.com\/ca\/#\/schema\/logo\/image\/"}}]}},"_links":{"self":[{"href":"https:\/\/justaenergia.com\/ca\/wp-json\/wp\/v2\/pages\/163","targetHints":{"allow":["GET"]}}],"collection":[{"href":"https:\/\/justaenergia.com\/ca\/wp-json\/wp\/v2\/pages"}],"about":[{"href":"https:\/\/justaenergia.com\/ca\/wp-json\/wp\/v2\/types\/page"}],"author":[{"embeddable":true,"href":"https:\/\/justaenergia.com\/ca\/wp-json\/wp\/v2\/users\/1"}],"replies":[{"embeddable":true,"href":"https:\/\/justaenergia.com\/ca\/wp-json\/wp\/v2\/comments?post=163"}],"version-history":[{"count":118,"href":"https:\/\/justaenergia.com\/ca\/wp-json\/wp\/v2\/pages\/163\/revisions"}],"predecessor-version":[{"id":3400,"href":"https:\/\/justaenergia.com\/ca\/wp-json\/wp\/v2\/pages\/163\/revisions\/3400"}],"wp:attachment":[{"href":"https:\/\/justaenergia.com\/ca\/wp-json\/wp\/v2\/media?parent=163"}],"curies":[{"name":"wp","href":"https:\/\/api.w.org\/{rel}","templated":true}]}}